{"id":363691,"date":"2024-09-10T01:58:32","date_gmt":"2024-09-10T15:00:11","guid":{"rendered":"https:\/\/maisoncleo.com\/\/?post_type=product&#038;p=363691"},"modified":"2024-09-10T21:15:42","modified_gmt":"2024-09-10T19:15:42","slug":"robe-en-coton-fin-a-carreaux-plissee-manches-courtes-elena","status":"publish","type":"product","link":"https:\/\/maisoncleo.com\/fr\/shop\/robe-en-coton-fin-a-carreaux-plissee-manches-courtes-elena\/","title":{"rendered":"Robe en coton fin \u00e0 carreaux pliss\u00e9e manches courtes ELENA"},"content":{"rendered":"<p>Robe en coton fin \u00e0 carreaux pliss\u00e9e. Manches courtes, coupe ajust\u00e9e, pliss\u00e9e dans le bas, fermeture \u00e9clair dans le dos. La petite robe au clin d&rsquo;\u0153il des ann\u00e9es 90 &lt;3. Coton l\u00e9g\u00e8rement stretch.<\/p>\n","protected":false},"excerpt":{"rendered":"<p>Robe en coton fin \u00e0 carreaux pliss\u00e9e. Manches courtes, coupe ajust\u00e9e, pliss\u00e9e dans le bas, fermeture \u00e9clair dans le dos. La petite&hellip;<\/p>\n","protected":false},"featured_media":346109,"template":"","meta":[],"product_brand":[],"product_cat":[662,667,664,661],"product_tag":[],"class_list":{"0":"post-363691","1":"product","2":"type-product","3":"status-publish","4":"has-post-thumbnail","6":"product_cat-basiques","7":"product_cat-dernieres-pieces","8":"product_cat-robes","9":"product_cat-tout-voir","10":"pa_taille-l-40-2","11":"pa_taille-m-38-2","12":"pa_taille-s-36-2","13":"pa_taille-sur-mesure-fr-2","14":"pa_taille-xl-42-fr-2","15":"pa_taille-xs-34-2","17":"first","18":"outofstock","19":"taxable","20":"shipping-taxable","21":"purchasable","22":"product-type-variable"},"_links":{"self":[{"href":"https:\/\/maisoncleo.com\/fr\/wp-json\/wp\/v2\/product\/363691","targetHints":{"allow":["GET"]}}],"collection":[{"href":"https:\/\/maisoncleo.com\/fr\/wp-json\/wp\/v2\/product"}],"about":[{"href":"https:\/\/maisoncleo.com\/fr\/wp-json\/wp\/v2\/types\/product"}],"version-history":[{"count":1,"href":"https:\/\/maisoncleo.com\/fr\/wp-json\/wp\/v2\/product\/363691\/revisions"}],"predecessor-version":[{"id":363744,"href":"https:\/\/maisoncleo.com\/fr\/wp-json\/wp\/v2\/product\/363691\/revisions\/363744"}],"wp:featuredmedia":[{"embeddable":true,"href":"https:\/\/maisoncleo.com\/fr\/wp-json\/wp\/v2\/media\/346109"}],"wp:attachment":[{"href":"https:\/\/maisoncleo.com\/fr\/wp-json\/wp\/v2\/media?parent=363691"}],"wp:term":[{"taxonomy":"product_brand","embeddable":true,"href":"https:\/\/maisoncleo.com\/fr\/wp-json\/wp\/v2\/product_brand?post=363691"},{"taxonomy":"product_cat","embeddable":true,"href":"https:\/\/maisoncleo.com\/fr\/wp-json\/wp\/v2\/product_cat?post=363691"},{"taxonomy":"product_tag","embeddable":true,"href":"https:\/\/maisoncleo.com\/fr\/wp-json\/wp\/v2\/product_tag?post=363691"}],"curies":[{"name":"wp","href":"https:\/\/api.w.org\/{rel}","templated":true}]}}