{"id":363643,"date":"2024-09-10T01:56:11","date_gmt":"2024-09-10T14:58:40","guid":{"rendered":"https:\/\/maisoncleo.com\/\/?post_type=product&#038;p=363643"},"modified":"2024-09-10T21:15:39","modified_gmt":"2024-09-10T19:15:39","slug":"blouse-en-velours-tigre-et-details-fausse-fourrure-beige-joanne","status":"publish","type":"product","link":"https:\/\/maisoncleo.com\/fr\/shop\/blouse-en-velours-tigre-et-details-fausse-fourrure-beige-joanne\/","title":{"rendered":"Blouse en velours tigr\u00e9 et d\u00e9tails fausse fourrure beige JOANNE"},"content":{"rendered":"<p>Blouse en velours tigr\u00e9 et d\u00e9tails en fausse fourrure beige.<\/p>\n<p>Grand col et poignets en fausse fourrure beige d\u00e9stock\u00e9e d&rsquo;une maison de Haute couture. Liens corset \u00e0 nouer sur le devant.<\/p>\n<p>La mod\u00e8le mesure 173 cm et porte une taille S-36.<\/p>\n<p>Nous pouvons faire 3 blouses dans ce tissu.<\/p>\n","protected":false},"excerpt":{"rendered":"<p>Blouse en velours tigr\u00e9 et d\u00e9tails en fausse fourrure beige. Grand col et poignets en fausse fourrure beige d\u00e9stock\u00e9e d&rsquo;une maison de&hellip;<\/p>\n","protected":false},"featured_media":346045,"template":"","meta":[],"product_brand":[],"product_cat":[663,667,960,674,661],"product_tag":[],"class_list":{"0":"post-363643","1":"product","2":"type-product","3":"status-publish","4":"has-post-thumbnail","6":"product_cat-blouses","7":"product_cat-dernieres-pieces","8":"product_cat-leopard-selection","9":"product_cat-tops","10":"product_cat-tout-voir","11":"pa_taille-l-40-2","12":"pa_taille-m-38-2","13":"pa_taille-s-36-2","14":"pa_taille-sur-mesure-fr-2","15":"pa_taille-xl-42-fr-2","16":"pa_taille-xs-34-2","18":"first","19":"instock","20":"taxable","21":"shipping-taxable","22":"purchasable","23":"product-type-variable"},"_links":{"self":[{"href":"https:\/\/maisoncleo.com\/fr\/wp-json\/wp\/v2\/product\/363643","targetHints":{"allow":["GET"]}}],"collection":[{"href":"https:\/\/maisoncleo.com\/fr\/wp-json\/wp\/v2\/product"}],"about":[{"href":"https:\/\/maisoncleo.com\/fr\/wp-json\/wp\/v2\/types\/product"}],"version-history":[{"count":1,"href":"https:\/\/maisoncleo.com\/fr\/wp-json\/wp\/v2\/product\/363643\/revisions"}],"predecessor-version":[{"id":363672,"href":"https:\/\/maisoncleo.com\/fr\/wp-json\/wp\/v2\/product\/363643\/revisions\/363672"}],"wp:featuredmedia":[{"embeddable":true,"href":"https:\/\/maisoncleo.com\/fr\/wp-json\/wp\/v2\/media\/346045"}],"wp:attachment":[{"href":"https:\/\/maisoncleo.com\/fr\/wp-json\/wp\/v2\/media?parent=363643"}],"wp:term":[{"taxonomy":"product_brand","embeddable":true,"href":"https:\/\/maisoncleo.com\/fr\/wp-json\/wp\/v2\/product_brand?post=363643"},{"taxonomy":"product_cat","embeddable":true,"href":"https:\/\/maisoncleo.com\/fr\/wp-json\/wp\/v2\/product_cat?post=363643"},{"taxonomy":"product_tag","embeddable":true,"href":"https:\/\/maisoncleo.com\/fr\/wp-json\/wp\/v2\/product_tag?post=363643"}],"curies":[{"name":"wp","href":"https:\/\/api.w.org\/{rel}","templated":true}]}}