{"id":363601,"date":"2024-09-10T01:53:50","date_gmt":"2024-09-10T14:57:32","guid":{"rendered":"https:\/\/maisoncleo.com\/\/?post_type=product&#038;p=363601"},"modified":"2024-09-10T21:15:36","modified_gmt":"2024-09-10T19:15:36","slug":"blouse-a-petits-carreaux-rouges-cowboy-coton-julie","status":"publish","type":"product","link":"https:\/\/maisoncleo.com\/fr\/shop\/blouse-a-petits-carreaux-rouges-cowboy-coton-julie\/","title":{"rendered":"Blouse \u00e0 petits carreaux rouges cowboy coton JULIE"},"content":{"rendered":"<p>Blouse \u00e0 petits carreaux rouges et blancs \u00e0 nouer sur la poitrine ou dans le dos. Mini carreaux 100% coton, col pointu, manches larges bouffantes, larges poign\u00e9es.<\/p>\n<p>La mod\u00e8le mesure 1m72 et porte une taille 36.<\/p>\n<p>Nous pouvons faire 13 blouses dans ce tissu.<\/p>\n","protected":false},"excerpt":{"rendered":"<p>Blouse \u00e0 petits carreaux rouges et blancs \u00e0 nouer sur la poitrine ou dans le dos. Mini carreaux 100% coton, col pointu,&hellip;<\/p>\n","protected":false},"featured_media":345997,"template":"","meta":[],"product_brand":[],"product_cat":[662,663,667,661],"product_tag":[],"class_list":{"0":"post-363601","1":"product","2":"type-product","3":"status-publish","4":"has-post-thumbnail","6":"product_cat-basiques","7":"product_cat-blouses","8":"product_cat-dernieres-pieces","9":"product_cat-tout-voir","10":"pa_taille-l-40-2","11":"pa_taille-m-38-2","12":"pa_taille-s-36-2","13":"pa_taille-sur-mesure-fr-2","14":"pa_taille-xl-42-fr-2","15":"pa_taille-xs-34-2","17":"first","18":"instock","19":"taxable","20":"shipping-taxable","21":"purchasable","22":"product-type-variable"},"_links":{"self":[{"href":"https:\/\/maisoncleo.com\/fr\/wp-json\/wp\/v2\/product\/363601","targetHints":{"allow":["GET"]}}],"collection":[{"href":"https:\/\/maisoncleo.com\/fr\/wp-json\/wp\/v2\/product"}],"about":[{"href":"https:\/\/maisoncleo.com\/fr\/wp-json\/wp\/v2\/types\/product"}],"version-history":[{"count":1,"href":"https:\/\/maisoncleo.com\/fr\/wp-json\/wp\/v2\/product\/363601\/revisions"}],"predecessor-version":[{"id":363647,"href":"https:\/\/maisoncleo.com\/fr\/wp-json\/wp\/v2\/product\/363601\/revisions\/363647"}],"wp:featuredmedia":[{"embeddable":true,"href":"https:\/\/maisoncleo.com\/fr\/wp-json\/wp\/v2\/media\/345997"}],"wp:attachment":[{"href":"https:\/\/maisoncleo.com\/fr\/wp-json\/wp\/v2\/media?parent=363601"}],"wp:term":[{"taxonomy":"product_brand","embeddable":true,"href":"https:\/\/maisoncleo.com\/fr\/wp-json\/wp\/v2\/product_brand?post=363601"},{"taxonomy":"product_cat","embeddable":true,"href":"https:\/\/maisoncleo.com\/fr\/wp-json\/wp\/v2\/product_cat?post=363601"},{"taxonomy":"product_tag","embeddable":true,"href":"https:\/\/maisoncleo.com\/fr\/wp-json\/wp\/v2\/product_tag?post=363601"}],"curies":[{"name":"wp","href":"https:\/\/api.w.org\/{rel}","templated":true}]}}