{"id":363577,"date":"2024-09-10T01:53:05","date_gmt":"2024-09-10T14:56:48","guid":{"rendered":"https:\/\/maisoncleo.com\/\/?post_type=product&#038;p=363577"},"modified":"2024-09-10T21:15:24","modified_gmt":"2024-09-10T19:15:24","slug":"fw22-runway-look-30-bottes-hautes-vintage-noires-a-lacage","status":"publish","type":"product","link":"https:\/\/maisoncleo.com\/fr\/shop\/fw22-runway-look-30-bottes-hautes-vintage-noires-a-lacage\/","title":{"rendered":"FW22 RUNWAY LOOK 30 &#8211; Bottes hautes vintage noires \u00e0 la\u00e7age"},"content":{"rendered":"<p>Bottes hautes vintage noires \u00e0 la\u00e7age et bout pointu.<\/p>\n<p>Fermeture \u00e9clair lat\u00e9rale. D\u00e9tail la\u00e7age corset sur le c\u00f4t\u00e9, petite fente derri\u00e8re le mollet. Faux crin de cheval. De la marque Fluxa.<\/p>\n<p>Taille : 38<\/p>\n<p>Hauteur du talon : 9 cm<\/p>\n<p>Largeur du mollet : 19 cm<\/p>\n<p>Hauteur totale : 48 cm<\/p>\n<p>LOOK 30 de notre d\u00e9fil\u00e9 \u00ab\u00a0L&rsquo;Affranchie\u00a0\u00bb de septembre 2022.<\/p>\n<p>Le mod\u00e8le mesure 172 cm.<\/p>\n","protected":false},"excerpt":{"rendered":"<p>Bottes hautes vintage noires \u00e0 la\u00e7age et bout pointu. Fermeture \u00e9clair lat\u00e9rale. D\u00e9tail la\u00e7age corset sur le c\u00f4t\u00e9, petite fente derri\u00e8re le&hellip;<\/p>\n","protected":false},"featured_media":345587,"template":"","meta":[],"product_brand":[],"product_cat":[651,669,659,671,667,661],"product_tag":[],"class_list":{"0":"post-363577","1":"product","2":"type-product","3":"status-publish","4":"has-post-thumbnail","6":"product_cat-accessoires","7":"product_cat-always-buyable-fr","8":"product_cat-chaussures","9":"product_cat-defiles","10":"product_cat-dernieres-pieces","11":"product_cat-tout-voir","13":"first","14":"instock","15":"taxable","16":"shipping-taxable","17":"purchasable","18":"product-type-variable"},"_links":{"self":[{"href":"https:\/\/maisoncleo.com\/fr\/wp-json\/wp\/v2\/product\/363577","targetHints":{"allow":["GET"]}}],"collection":[{"href":"https:\/\/maisoncleo.com\/fr\/wp-json\/wp\/v2\/product"}],"about":[{"href":"https:\/\/maisoncleo.com\/fr\/wp-json\/wp\/v2\/types\/product"}],"version-history":[{"count":1,"href":"https:\/\/maisoncleo.com\/fr\/wp-json\/wp\/v2\/product\/363577\/revisions"}],"predecessor-version":[{"id":363598,"href":"https:\/\/maisoncleo.com\/fr\/wp-json\/wp\/v2\/product\/363577\/revisions\/363598"}],"wp:featuredmedia":[{"embeddable":true,"href":"https:\/\/maisoncleo.com\/fr\/wp-json\/wp\/v2\/media\/345587"}],"wp:attachment":[{"href":"https:\/\/maisoncleo.com\/fr\/wp-json\/wp\/v2\/media?parent=363577"}],"wp:term":[{"taxonomy":"product_brand","embeddable":true,"href":"https:\/\/maisoncleo.com\/fr\/wp-json\/wp\/v2\/product_brand?post=363577"},{"taxonomy":"product_cat","embeddable":true,"href":"https:\/\/maisoncleo.com\/fr\/wp-json\/wp\/v2\/product_cat?post=363577"},{"taxonomy":"product_tag","embeddable":true,"href":"https:\/\/maisoncleo.com\/fr\/wp-json\/wp\/v2\/product_tag?post=363577"}],"curies":[{"name":"wp","href":"https:\/\/api.w.org\/{rel}","templated":true}]}}