{"id":363421,"date":"2024-09-10T01:40:07","date_gmt":"2024-09-10T14:52:37","guid":{"rendered":"https:\/\/maisoncleo.com\/\/?post_type=product&#038;p=363421"},"modified":"2024-09-10T21:15:00","modified_gmt":"2024-09-10T19:15:00","slug":"fw22-runway-look-32-robe-babydoll-en-coton-avec-parties-en-dentelle-joanna","status":"publish","type":"product","link":"https:\/\/maisoncleo.com\/fr\/shop\/fw22-runway-look-32-robe-babydoll-en-coton-avec-parties-en-dentelle-joanna\/","title":{"rendered":"FW22 RUNWAY LOOK 32 &#8211; Robe babydoll en coton avec parties en dentelle JOANNA"},"content":{"rendered":"<p>Robe asym\u00e9trique babydoll en coton blanc.<\/p>\n<p>L\u00e9g\u00e8rement plus longue dans le dos que sur le devant, d\u00e9tail de dentelle de Calais sur le contour du d\u00e9collet\u00e9, manches courtes bouffantes, noeud manches, coupe oversize sur le bas. 100% coton.<\/p>\n<p>LOOK 32 de notre d\u00e9fil\u00e9 automne hiver \u00ab\u00a0L&rsquo;Affranchie\u00a0\u00bb de septembre 2022.<\/p>\n<p>Le mod\u00e8le mesure 172 cm et porte une taille S-36.<\/p>\n","protected":false},"excerpt":{"rendered":"<p>Robe asym\u00e9trique babydoll en coton blanc. L\u00e9g\u00e8rement plus longue dans le dos que sur le devant, d\u00e9tail de dentelle de Calais sur&hellip;<\/p>\n","protected":false},"featured_media":345616,"template":"","meta":[],"product_brand":[],"product_cat":[662,671,667,664,661],"product_tag":[],"class_list":{"0":"post-363421","1":"product","2":"type-product","3":"status-publish","4":"has-post-thumbnail","6":"product_cat-basiques","7":"product_cat-defiles","8":"product_cat-dernieres-pieces","9":"product_cat-robes","10":"product_cat-tout-voir","11":"pa_taille-l-40-2","12":"pa_taille-m-38-2","13":"pa_taille-s-36-2","14":"pa_taille-sur-mesure-fr-2","15":"pa_taille-xl-42-fr-2","16":"pa_taille-xs-34-2","18":"first","19":"instock","20":"taxable","21":"shipping-taxable","22":"purchasable","23":"product-type-variable"},"_links":{"self":[{"href":"https:\/\/maisoncleo.com\/fr\/wp-json\/wp\/v2\/product\/363421","targetHints":{"allow":["GET"]}}],"collection":[{"href":"https:\/\/maisoncleo.com\/fr\/wp-json\/wp\/v2\/product"}],"about":[{"href":"https:\/\/maisoncleo.com\/fr\/wp-json\/wp\/v2\/types\/product"}],"version-history":[{"count":1,"href":"https:\/\/maisoncleo.com\/fr\/wp-json\/wp\/v2\/product\/363421\/revisions"}],"predecessor-version":[{"id":363441,"href":"https:\/\/maisoncleo.com\/fr\/wp-json\/wp\/v2\/product\/363421\/revisions\/363441"}],"wp:featuredmedia":[{"embeddable":true,"href":"https:\/\/maisoncleo.com\/fr\/wp-json\/wp\/v2\/media\/345616"}],"wp:attachment":[{"href":"https:\/\/maisoncleo.com\/fr\/wp-json\/wp\/v2\/media?parent=363421"}],"wp:term":[{"taxonomy":"product_brand","embeddable":true,"href":"https:\/\/maisoncleo.com\/fr\/wp-json\/wp\/v2\/product_brand?post=363421"},{"taxonomy":"product_cat","embeddable":true,"href":"https:\/\/maisoncleo.com\/fr\/wp-json\/wp\/v2\/product_cat?post=363421"},{"taxonomy":"product_tag","embeddable":true,"href":"https:\/\/maisoncleo.com\/fr\/wp-json\/wp\/v2\/product_tag?post=363421"}],"curies":[{"name":"wp","href":"https:\/\/api.w.org\/{rel}","templated":true}]}}