{"id":363395,"date":"2024-09-10T01:38:06","date_gmt":"2024-09-10T14:51:50","guid":{"rendered":"https:\/\/maisoncleo.com\/\/?post_type=product&#038;p=363395"},"modified":"2024-09-10T21:14:55","modified_gmt":"2024-09-10T19:14:55","slug":"fw22-runway-look-30-mini-robe-asymetrique-a-volants-en-mousseline-de-soie-noire-rose-applique-gabrielle","status":"publish","type":"product","link":"https:\/\/maisoncleo.com\/fr\/shop\/fw22-runway-look-30-mini-robe-asymetrique-a-volants-en-mousseline-de-soie-noire-rose-applique-gabrielle\/","title":{"rendered":"FW22 RUNWAY LOOK 30 &#8211; Mini robe asym\u00e9trique \u00e0 volants en mousseline de soie noire rose appliqu\u00e9 GABRIELLE"},"content":{"rendered":"<p>Mini robe asym\u00e9trique \u00e0 volants en mousseline de soie noire avec d\u00e9tail de rose appliqu\u00e9.<\/p>\n<p>Dos nu avec un travail de corsage et de liens \u00e0 ajuster. Fines bretelles. Rang\u00e9es de volants asym\u00e9triques dans le bas. 100% soie.<\/p>\n<p>LOOK 30 de notre d\u00e9fil\u00e9 automne hiver \u00ab\u00a0L&rsquo;Affranchie\u00a0\u00bb de septembre 2022.<\/p>\n<p>La mod\u00e8le mesure 172 cm et porte une taille S-36.<\/p>\n","protected":false},"excerpt":{"rendered":"<p>Mini robe asym\u00e9trique \u00e0 volants en mousseline de soie noire avec d\u00e9tail de rose appliqu\u00e9. Dos nu avec un travail de corsage&hellip;<\/p>\n","protected":false},"featured_media":345564,"template":"","meta":[],"product_brand":[],"product_cat":[671,667,664,661],"product_tag":[],"class_list":{"0":"post-363395","1":"product","2":"type-product","3":"status-publish","4":"has-post-thumbnail","6":"product_cat-defiles","7":"product_cat-dernieres-pieces","8":"product_cat-robes","9":"product_cat-tout-voir","10":"pa_taille-l-40-2","11":"pa_taille-m-38-2","12":"pa_taille-s-36-2","13":"pa_taille-sur-mesure-fr-2","14":"pa_taille-xl-42-fr-2","15":"pa_taille-xs-34-2","17":"first","18":"instock","19":"taxable","20":"shipping-taxable","21":"purchasable","22":"product-type-variable"},"_links":{"self":[{"href":"https:\/\/maisoncleo.com\/fr\/wp-json\/wp\/v2\/product\/363395","targetHints":{"allow":["GET"]}}],"collection":[{"href":"https:\/\/maisoncleo.com\/fr\/wp-json\/wp\/v2\/product"}],"about":[{"href":"https:\/\/maisoncleo.com\/fr\/wp-json\/wp\/v2\/types\/product"}],"version-history":[{"count":1,"href":"https:\/\/maisoncleo.com\/fr\/wp-json\/wp\/v2\/product\/363395\/revisions"}],"predecessor-version":[{"id":363416,"href":"https:\/\/maisoncleo.com\/fr\/wp-json\/wp\/v2\/product\/363395\/revisions\/363416"}],"wp:featuredmedia":[{"embeddable":true,"href":"https:\/\/maisoncleo.com\/fr\/wp-json\/wp\/v2\/media\/345564"}],"wp:attachment":[{"href":"https:\/\/maisoncleo.com\/fr\/wp-json\/wp\/v2\/media?parent=363395"}],"wp:term":[{"taxonomy":"product_brand","embeddable":true,"href":"https:\/\/maisoncleo.com\/fr\/wp-json\/wp\/v2\/product_brand?post=363395"},{"taxonomy":"product_cat","embeddable":true,"href":"https:\/\/maisoncleo.com\/fr\/wp-json\/wp\/v2\/product_cat?post=363395"},{"taxonomy":"product_tag","embeddable":true,"href":"https:\/\/maisoncleo.com\/fr\/wp-json\/wp\/v2\/product_tag?post=363395"}],"curies":[{"name":"wp","href":"https:\/\/api.w.org\/{rel}","templated":true}]}}