{"id":363379,"date":"2024-09-10T01:36:23","date_gmt":"2024-09-10T14:51:28","guid":{"rendered":"https:\/\/maisoncleo.com\/\/?post_type=product&#038;p=363379"},"modified":"2024-09-10T21:14:53","modified_gmt":"2024-09-10T19:14:53","slug":"fw22-runway-look-28-robe-dos-nu-asymetrique-a-rayures-rouges-et-volants-en-soie-sadia","status":"publish","type":"product","link":"https:\/\/maisoncleo.com\/fr\/shop\/fw22-runway-look-28-robe-dos-nu-asymetrique-a-rayures-rouges-et-volants-en-soie-sadia\/","title":{"rendered":"FW22 RUNWAY LOOK 28 &#8211; Robe dos nu asym\u00e9trique \u00e0 rayures rouges et volants en soie SADIA"},"content":{"rendered":"<p>Robe dos nu asym\u00e9trique \u00e0 rayures rouges et volants en soie.<\/p>\n<p>La\u00e7age corset dans le dos. Long volants sur les c\u00f4t\u00e9s et dans le dos, ouvert sur le devant.<\/p>\n<p>100% soie provenant d&rsquo;une maison de Haute couture.<\/p>\n<p>Longueur standard \u00e0 plat : 140 cm.<\/p>\n<p>LOOK 28 de notre d\u00e9fil\u00e9 automne hiver \u00ab\u00a0L&rsquo;Affranchie\u00a0\u00bb de septembre 2022.<\/p>\n<p>La mod\u00e8le mesure 172 cm et porte une taille S-36.<\/p>\n","protected":false},"excerpt":{"rendered":"<p>Robe dos nu asym\u00e9trique \u00e0 rayures rouges et volants en soie. La\u00e7age corset dans le dos. Long volants sur les c\u00f4t\u00e9s et&hellip;<\/p>\n","protected":false},"featured_media":345508,"template":"","meta":[],"product_brand":[],"product_cat":[671,667,664,661],"product_tag":[],"class_list":{"0":"post-363379","1":"product","2":"type-product","3":"status-publish","4":"has-post-thumbnail","6":"product_cat-defiles","7":"product_cat-dernieres-pieces","8":"product_cat-robes","9":"product_cat-tout-voir","10":"pa_taille-l-40-2","11":"pa_taille-m-38-2","12":"pa_taille-s-36-2","13":"pa_taille-sur-mesure-fr-2","14":"pa_taille-xl-42-fr-2","15":"pa_taille-xs-34-2","17":"first","18":"outofstock","19":"taxable","20":"shipping-taxable","21":"purchasable","22":"product-type-variable"},"_links":{"self":[{"href":"https:\/\/maisoncleo.com\/fr\/wp-json\/wp\/v2\/product\/363379","targetHints":{"allow":["GET"]}}],"collection":[{"href":"https:\/\/maisoncleo.com\/fr\/wp-json\/wp\/v2\/product"}],"about":[{"href":"https:\/\/maisoncleo.com\/fr\/wp-json\/wp\/v2\/types\/product"}],"version-history":[{"count":1,"href":"https:\/\/maisoncleo.com\/fr\/wp-json\/wp\/v2\/product\/363379\/revisions"}],"predecessor-version":[{"id":363408,"href":"https:\/\/maisoncleo.com\/fr\/wp-json\/wp\/v2\/product\/363379\/revisions\/363408"}],"wp:featuredmedia":[{"embeddable":true,"href":"https:\/\/maisoncleo.com\/fr\/wp-json\/wp\/v2\/media\/345508"}],"wp:attachment":[{"href":"https:\/\/maisoncleo.com\/fr\/wp-json\/wp\/v2\/media?parent=363379"}],"wp:term":[{"taxonomy":"product_brand","embeddable":true,"href":"https:\/\/maisoncleo.com\/fr\/wp-json\/wp\/v2\/product_brand?post=363379"},{"taxonomy":"product_cat","embeddable":true,"href":"https:\/\/maisoncleo.com\/fr\/wp-json\/wp\/v2\/product_cat?post=363379"},{"taxonomy":"product_tag","embeddable":true,"href":"https:\/\/maisoncleo.com\/fr\/wp-json\/wp\/v2\/product_tag?post=363379"}],"curies":[{"name":"wp","href":"https:\/\/api.w.org\/{rel}","templated":true}]}}