{"id":363279,"date":"2024-09-10T01:28:13","date_gmt":"2024-09-10T14:48:40","guid":{"rendered":"https:\/\/maisoncleo.com\/\/?post_type=product&#038;p=363279"},"modified":"2024-09-10T21:14:39","modified_gmt":"2024-09-10T19:14:39","slug":"fw22-runway-look-22-mini-jupe-ajouree-marron-irise-en-soie-monique","status":"publish","type":"product","link":"https:\/\/maisoncleo.com\/fr\/shop\/fw22-runway-look-22-mini-jupe-ajouree-marron-irise-en-soie-monique\/","title":{"rendered":"FW22 RUNWAY LOOK 22 &#8211; Mini jupe ajour\u00e9e marron iris\u00e9 en soie MONIQUE"},"content":{"rendered":"<p>Mini jupe ajour\u00e9e marron iris\u00e9 en soie.\u00a0Taille basse. Fermeture \u00e9clair dans le dos. Fentes et ouvertures sur les c\u00f4t\u00e9s, deux liens. 100% soie.<\/p>\n<p>LOOK 22 de notre d\u00e9fil\u00e9 automne hiver \u00ab\u00a0L&rsquo;Affranchie\u00a0\u00bb de septembre 2022.<\/p>\n<p>La mod\u00e8le mesure 172 cm et porte une taille S-36.<\/p>\n<p>Nous pouvons faire 5 jupes dans ce tissu.<\/p>\n","protected":false},"excerpt":{"rendered":"<p>Mini jupe ajour\u00e9e marron iris\u00e9 en soie.\u00a0Taille basse. Fermeture \u00e9clair dans le dos. Fentes et ouvertures sur les c\u00f4t\u00e9s, deux liens. 100%&hellip;<\/p>\n","protected":false},"featured_media":345354,"template":"","meta":[],"product_brand":[],"product_cat":[671,667,672,661],"product_tag":[],"class_list":{"0":"post-363279","1":"product","2":"type-product","3":"status-publish","4":"has-post-thumbnail","6":"product_cat-defiles","7":"product_cat-dernieres-pieces","8":"product_cat-jupes","9":"product_cat-tout-voir","10":"pa_taille-l-40-2","11":"pa_taille-m-38-2","12":"pa_taille-s-36-2","13":"pa_taille-sur-mesure-fr-2","14":"pa_taille-xl-42-fr-2","15":"pa_taille-xs-34-2","17":"first","18":"instock","19":"taxable","20":"shipping-taxable","21":"purchasable","22":"product-type-variable"},"_links":{"self":[{"href":"https:\/\/maisoncleo.com\/fr\/wp-json\/wp\/v2\/product\/363279","targetHints":{"allow":["GET"]}}],"collection":[{"href":"https:\/\/maisoncleo.com\/fr\/wp-json\/wp\/v2\/product"}],"about":[{"href":"https:\/\/maisoncleo.com\/fr\/wp-json\/wp\/v2\/types\/product"}],"version-history":[{"count":1,"href":"https:\/\/maisoncleo.com\/fr\/wp-json\/wp\/v2\/product\/363279\/revisions"}],"predecessor-version":[{"id":363333,"href":"https:\/\/maisoncleo.com\/fr\/wp-json\/wp\/v2\/product\/363279\/revisions\/363333"}],"wp:featuredmedia":[{"embeddable":true,"href":"https:\/\/maisoncleo.com\/fr\/wp-json\/wp\/v2\/media\/345354"}],"wp:attachment":[{"href":"https:\/\/maisoncleo.com\/fr\/wp-json\/wp\/v2\/media?parent=363279"}],"wp:term":[{"taxonomy":"product_brand","embeddable":true,"href":"https:\/\/maisoncleo.com\/fr\/wp-json\/wp\/v2\/product_brand?post=363279"},{"taxonomy":"product_cat","embeddable":true,"href":"https:\/\/maisoncleo.com\/fr\/wp-json\/wp\/v2\/product_cat?post=363279"},{"taxonomy":"product_tag","embeddable":true,"href":"https:\/\/maisoncleo.com\/fr\/wp-json\/wp\/v2\/product_tag?post=363279"}],"curies":[{"name":"wp","href":"https:\/\/api.w.org\/{rel}","templated":true}]}}