{"id":363278,"date":"2024-09-10T01:28:13","date_gmt":"2024-09-10T14:48:40","guid":{"rendered":"https:\/\/maisoncleo.com\/\/?post_type=product&#038;p=363278"},"modified":"2024-09-10T21:14:33","modified_gmt":"2024-09-10T19:14:33","slug":"fw22-runway-look-22-manteau-en-faux-cuir-et-fausse-fourrure-noir-suzie","status":"publish","type":"product","link":"https:\/\/maisoncleo.com\/fr\/shop\/fw22-runway-look-22-manteau-en-faux-cuir-et-fausse-fourrure-noir-suzie\/","title":{"rendered":"FW22 RUNWAY LOOK 22 &#8211; Manteau en faux cuir et fausse fourrure noir SUZIE"},"content":{"rendered":"<p>Manteau en faux cuir et fausse fourrure noir\u00a0sur large encolure et poignets.\u00a0Coupe ajust\u00e9e. Enti\u00e8rement doubl\u00e9 dans notre soie logo MC de couleur bordeaux.\u00a0Tissus faux cuir et fausses fourrure d\u00e9stock\u00e9s de maisons de Haute Couture. Notre manteau pr\u00e9f\u00e9r\u00e9 &lt;3<\/p>\n<p>LOOK 22 de notre d\u00e9fil\u00e9 automne hiver \u00ab\u00a0L&rsquo;Affranchie\u00a0\u00bb de septembre 2022.<\/p>\n<p>La mod\u00e8le mesure 172 cm et porte une taille S-36.<\/p>\n<p>Nous pouvons faire 5 manteaux dans ce tissu. Il faut 6 heures pour en faire un.<\/p>\n","protected":false},"excerpt":{"rendered":"<p>Manteau en faux cuir et fausse fourrure noir\u00a0sur large encolure et poignets.\u00a0Coupe ajust\u00e9e. Enti\u00e8rement doubl\u00e9 dans notre soie logo MC de couleur&hellip;<\/p>\n","protected":false},"featured_media":345262,"template":"","meta":[],"product_brand":[],"product_cat":[671,667,661,665],"product_tag":[],"class_list":{"0":"post-363278","1":"product","2":"type-product","3":"status-publish","4":"has-post-thumbnail","6":"product_cat-defiles","7":"product_cat-dernieres-pieces","8":"product_cat-tout-voir","9":"product_cat-vestes-manteaux","10":"pa_taille-l-40-2","11":"pa_taille-m-38-2","12":"pa_taille-s-36-2","13":"pa_taille-sur-mesure-fr-2","14":"pa_taille-xl-42-fr-2","15":"pa_taille-xs-34-2","17":"first","18":"instock","19":"taxable","20":"shipping-taxable","21":"purchasable","22":"product-type-variable"},"_links":{"self":[{"href":"https:\/\/maisoncleo.com\/fr\/wp-json\/wp\/v2\/product\/363278","targetHints":{"allow":["GET"]}}],"collection":[{"href":"https:\/\/maisoncleo.com\/fr\/wp-json\/wp\/v2\/product"}],"about":[{"href":"https:\/\/maisoncleo.com\/fr\/wp-json\/wp\/v2\/types\/product"}],"version-history":[{"count":1,"href":"https:\/\/maisoncleo.com\/fr\/wp-json\/wp\/v2\/product\/363278\/revisions"}],"predecessor-version":[{"id":363303,"href":"https:\/\/maisoncleo.com\/fr\/wp-json\/wp\/v2\/product\/363278\/revisions\/363303"}],"wp:featuredmedia":[{"embeddable":true,"href":"https:\/\/maisoncleo.com\/fr\/wp-json\/wp\/v2\/media\/345262"}],"wp:attachment":[{"href":"https:\/\/maisoncleo.com\/fr\/wp-json\/wp\/v2\/media?parent=363278"}],"wp:term":[{"taxonomy":"product_brand","embeddable":true,"href":"https:\/\/maisoncleo.com\/fr\/wp-json\/wp\/v2\/product_brand?post=363278"},{"taxonomy":"product_cat","embeddable":true,"href":"https:\/\/maisoncleo.com\/fr\/wp-json\/wp\/v2\/product_cat?post=363278"},{"taxonomy":"product_tag","embeddable":true,"href":"https:\/\/maisoncleo.com\/fr\/wp-json\/wp\/v2\/product_tag?post=363278"}],"curies":[{"name":"wp","href":"https:\/\/api.w.org\/{rel}","templated":true}]}}