{"id":363266,"date":"2024-09-10T01:27:12","date_gmt":"2024-09-10T14:48:17","guid":{"rendered":"https:\/\/maisoncleo.com\/\/?post_type=product&#038;p=363266"},"modified":"2024-09-10T21:14:30","modified_gmt":"2024-09-10T19:14:30","slug":"fw22-runway-look-21-jupe-mi-longue-en-mesh-fleuri-kesaly","status":"publish","type":"product","link":"https:\/\/maisoncleo.com\/fr\/shop\/fw22-runway-look-21-jupe-mi-longue-en-mesh-fleuri-kesaly\/","title":{"rendered":"FW22 RUNWAY LOOK 21 &#8211; Jupe mi-longue en mesh fleuri KESALY"},"content":{"rendered":"<p>Jupe mi-longue en mesh \u00e0 motif de roses avec ourlet volant\u00e9.<\/p>\n<p>Taille haute, coupe fluide. \u00c9lastiqu\u00e9e \u00e0 la taille, lien dans le dos.<\/p>\n<p>Tissu mesh \u00e0 roses rouges en collaboration avec l&rsquo;artiste peintre belge Stevie Dix. Design\u00a0unique !<\/p>\n<p>Veuillez noter la possibilit\u00e9 d&rsquo;ajouter une doublure en mesh. Vous pouvez voir la diff\u00e9rence avec et sans doublure sur les photos.<\/p>\n<p>Longueur standard \u00e0 plat : 61 cm.<\/p>\n<p>LOOK 21 de notre d\u00e9fil\u00e9 automne hiver \u00ab\u00a0L&rsquo;Affranchie\u00a0\u00bb de septembre 2022.<\/p>\n<p>La mod\u00e8le mesure 172 cm et porte une taille S-36.<\/p>\n","protected":false},"excerpt":{"rendered":"<p>Jupe mi-longue en mesh \u00e0 motif de roses avec ourlet volant\u00e9. Taille haute, coupe fluide. \u00c9lastiqu\u00e9e \u00e0 la taille, lien dans le&hellip;<\/p>\n","protected":false},"featured_media":345219,"template":"","meta":[],"product_brand":[],"product_cat":[671,667,672,661],"product_tag":[],"class_list":{"0":"post-363266","1":"product","2":"type-product","3":"status-publish","4":"has-post-thumbnail","6":"product_cat-defiles","7":"product_cat-dernieres-pieces","8":"product_cat-jupes","9":"product_cat-tout-voir","10":"pa_taille-l-40-2","11":"pa_taille-m-38-2","12":"pa_taille-s-36-2","13":"pa_taille-sur-mesure-fr-2","14":"pa_taille-xl-42-fr-2","15":"pa_taille-xs-34-2","17":"first","18":"outofstock","19":"taxable","20":"shipping-taxable","21":"purchasable","22":"product-type-variable"},"_links":{"self":[{"href":"https:\/\/maisoncleo.com\/fr\/wp-json\/wp\/v2\/product\/363266","targetHints":{"allow":["GET"]}}],"collection":[{"href":"https:\/\/maisoncleo.com\/fr\/wp-json\/wp\/v2\/product"}],"about":[{"href":"https:\/\/maisoncleo.com\/fr\/wp-json\/wp\/v2\/types\/product"}],"version-history":[{"count":1,"href":"https:\/\/maisoncleo.com\/fr\/wp-json\/wp\/v2\/product\/363266\/revisions"}],"predecessor-version":[{"id":363289,"href":"https:\/\/maisoncleo.com\/fr\/wp-json\/wp\/v2\/product\/363266\/revisions\/363289"}],"wp:featuredmedia":[{"embeddable":true,"href":"https:\/\/maisoncleo.com\/fr\/wp-json\/wp\/v2\/media\/345219"}],"wp:attachment":[{"href":"https:\/\/maisoncleo.com\/fr\/wp-json\/wp\/v2\/media?parent=363266"}],"wp:term":[{"taxonomy":"product_brand","embeddable":true,"href":"https:\/\/maisoncleo.com\/fr\/wp-json\/wp\/v2\/product_brand?post=363266"},{"taxonomy":"product_cat","embeddable":true,"href":"https:\/\/maisoncleo.com\/fr\/wp-json\/wp\/v2\/product_cat?post=363266"},{"taxonomy":"product_tag","embeddable":true,"href":"https:\/\/maisoncleo.com\/fr\/wp-json\/wp\/v2\/product_tag?post=363266"}],"curies":[{"name":"wp","href":"https:\/\/api.w.org\/{rel}","templated":true}]}}