{"id":363238,"date":"2024-09-10T01:24:59","date_gmt":"2024-09-10T14:47:32","guid":{"rendered":"https:\/\/maisoncleo.com\/\/?post_type=product&#038;p=363238"},"modified":"2024-09-10T21:14:27","modified_gmt":"2024-09-10T19:14:27","slug":"fw22-runway-look-20-robe-longue-rouge-fendue-en-jersey-samantha","status":"publish","type":"product","link":"https:\/\/maisoncleo.com\/fr\/shop\/fw22-runway-look-20-robe-longue-rouge-fendue-en-jersey-samantha\/","title":{"rendered":"FW22 RUNWAY LOOK 20 &#8211; Robe longue rouge fendue en jersey SAMANTHA"},"content":{"rendered":"<p>Longue robe rouge fluide fendue en jersey.<\/p>\n<p>Coupe ajust\u00e9e. D\u00e9collet\u00e9e volant\u00e9e, bretelles spaghettis fines. Fentes et liens de chaque c\u00f4t\u00e9.<\/p>\n<p>LOOK 20 de notre d\u00e9fil\u00e9 automne hiver \u00ab\u00a0L&rsquo;Affranchie\u00a0\u00bb de septembre 2022.<\/p>\n<p>La mod\u00e8le mesure 172 cm et porte une taille S-36.<\/p>\n<p>Nous pouvons faire 35 robes dans ce tissu.<\/p>\n","protected":false},"excerpt":{"rendered":"<p>Longue robe rouge fluide fendue en jersey. Coupe ajust\u00e9e. D\u00e9collet\u00e9e volant\u00e9e, bretelles spaghettis fines. Fentes et liens de chaque c\u00f4t\u00e9. LOOK 20&hellip;<\/p>\n","protected":false},"featured_media":345184,"template":"","meta":[],"product_brand":[],"product_cat":[671,667,664,661],"product_tag":[],"class_list":{"0":"post-363238","1":"product","2":"type-product","3":"status-publish","4":"has-post-thumbnail","6":"product_cat-defiles","7":"product_cat-dernieres-pieces","8":"product_cat-robes","9":"product_cat-tout-voir","10":"pa_taille-l-40-2","11":"pa_taille-m-38-2","12":"pa_taille-s-36-2","13":"pa_taille-sur-mesure-fr-2","14":"pa_taille-xl-42-fr-2","15":"pa_taille-xs-34-2","17":"first","18":"outofstock","19":"taxable","20":"shipping-taxable","21":"purchasable","22":"product-type-variable"},"_links":{"self":[{"href":"https:\/\/maisoncleo.com\/fr\/wp-json\/wp\/v2\/product\/363238","targetHints":{"allow":["GET"]}}],"collection":[{"href":"https:\/\/maisoncleo.com\/fr\/wp-json\/wp\/v2\/product"}],"about":[{"href":"https:\/\/maisoncleo.com\/fr\/wp-json\/wp\/v2\/types\/product"}],"version-history":[{"count":1,"href":"https:\/\/maisoncleo.com\/fr\/wp-json\/wp\/v2\/product\/363238\/revisions"}],"predecessor-version":[{"id":363254,"href":"https:\/\/maisoncleo.com\/fr\/wp-json\/wp\/v2\/product\/363238\/revisions\/363254"}],"wp:featuredmedia":[{"embeddable":true,"href":"https:\/\/maisoncleo.com\/fr\/wp-json\/wp\/v2\/media\/345184"}],"wp:attachment":[{"href":"https:\/\/maisoncleo.com\/fr\/wp-json\/wp\/v2\/media?parent=363238"}],"wp:term":[{"taxonomy":"product_brand","embeddable":true,"href":"https:\/\/maisoncleo.com\/fr\/wp-json\/wp\/v2\/product_brand?post=363238"},{"taxonomy":"product_cat","embeddable":true,"href":"https:\/\/maisoncleo.com\/fr\/wp-json\/wp\/v2\/product_cat?post=363238"},{"taxonomy":"product_tag","embeddable":true,"href":"https:\/\/maisoncleo.com\/fr\/wp-json\/wp\/v2\/product_tag?post=363238"}],"curies":[{"name":"wp","href":"https:\/\/api.w.org\/{rel}","templated":true}]}}