{"id":363199,"date":"2024-09-10T01:21:32","date_gmt":"2024-09-10T14:46:24","guid":{"rendered":"https:\/\/maisoncleo.com\/\/?post_type=product&#038;p=363199"},"modified":"2024-09-10T21:14:29","modified_gmt":"2024-09-10T19:14:29","slug":"fw22-runway-look-19-bustier-a-lacage-motif-flammes-oceane","status":"publish","type":"product","link":"https:\/\/maisoncleo.com\/fr\/shop\/fw22-runway-look-19-bustier-a-lacage-motif-flammes-oceane\/","title":{"rendered":"FW22 RUNWAY LOOK 19 &#8211; Bustier \u00e0 la\u00e7age motif flammes OCEANE"},"content":{"rendered":"<p>Bustier \u00e0 la\u00e7age motif flammes.<\/p>\n<p>Bustier soutien gorge avec balconnets et bretelles, la\u00e7age sur les c\u00f4t\u00e9s, syst\u00e8me de fermeture argent\u00e9 dans le dos.\u00a0Tissu flammes. Couleur \u00e9clatante.<\/p>\n<p>LOOK 19 de notre d\u00e9fil\u00e9 automne hiver \u00ab\u00a0L&rsquo;Affranchie\u00a0\u00bb de septembre 2022.<\/p>\n<p>La mod\u00e8le mesure 172 cm et porte une taille S-36.<\/p>\n<p>Il faut 3 heures pour faire un bustier.<\/p>\n","protected":false},"excerpt":{"rendered":"<p>Bustier \u00e0 la\u00e7age motif flammes. Bustier soutien gorge avec balconnets et bretelles, la\u00e7age sur les c\u00f4t\u00e9s, syst\u00e8me de fermeture argent\u00e9 dans le&hellip;<\/p>\n","protected":false},"featured_media":345143,"template":"","meta":[],"product_brand":[],"product_cat":[671,674,661],"product_tag":[],"class_list":{"0":"post-363199","1":"product","2":"type-product","3":"status-publish","4":"has-post-thumbnail","6":"product_cat-defiles","7":"product_cat-tops","8":"product_cat-tout-voir","9":"pa_taille-l-40-2","10":"pa_taille-m-38-2","11":"pa_taille-s-36-2","12":"pa_taille-sur-mesure-fr-2","13":"pa_taille-xl-42-fr-2","14":"pa_taille-xs-34-2","16":"first","17":"instock","18":"taxable","19":"shipping-taxable","20":"purchasable","21":"product-type-variable"},"_links":{"self":[{"href":"https:\/\/maisoncleo.com\/fr\/wp-json\/wp\/v2\/product\/363199","targetHints":{"allow":["GET"]}}],"collection":[{"href":"https:\/\/maisoncleo.com\/fr\/wp-json\/wp\/v2\/product"}],"about":[{"href":"https:\/\/maisoncleo.com\/fr\/wp-json\/wp\/v2\/types\/product"}],"version-history":[{"count":1,"href":"https:\/\/maisoncleo.com\/fr\/wp-json\/wp\/v2\/product\/363199\/revisions"}],"predecessor-version":[{"id":363272,"href":"https:\/\/maisoncleo.com\/fr\/wp-json\/wp\/v2\/product\/363199\/revisions\/363272"}],"wp:featuredmedia":[{"embeddable":true,"href":"https:\/\/maisoncleo.com\/fr\/wp-json\/wp\/v2\/media\/345143"}],"wp:attachment":[{"href":"https:\/\/maisoncleo.com\/fr\/wp-json\/wp\/v2\/media?parent=363199"}],"wp:term":[{"taxonomy":"product_brand","embeddable":true,"href":"https:\/\/maisoncleo.com\/fr\/wp-json\/wp\/v2\/product_brand?post=363199"},{"taxonomy":"product_cat","embeddable":true,"href":"https:\/\/maisoncleo.com\/fr\/wp-json\/wp\/v2\/product_cat?post=363199"},{"taxonomy":"product_tag","embeddable":true,"href":"https:\/\/maisoncleo.com\/fr\/wp-json\/wp\/v2\/product_tag?post=363199"}],"curies":[{"name":"wp","href":"https:\/\/api.w.org\/{rel}","templated":true}]}}