{"id":363196,"date":"2024-09-10T01:21:31","date_gmt":"2024-09-10T14:46:24","guid":{"rendered":"https:\/\/maisoncleo.com\/\/?post_type=product&#038;p=363196"},"modified":"2024-09-10T21:14:25","modified_gmt":"2024-09-10T19:14:25","slug":"fw22-runway-look-17-blouse-marron-irise-chocolat-en-soie-duchesse-jessica","status":"publish","type":"product","link":"https:\/\/maisoncleo.com\/fr\/shop\/fw22-runway-look-17-blouse-marron-irise-chocolat-en-soie-duchesse-jessica\/","title":{"rendered":"FW22 RUNWAY LOOK 17 &#8211; Blouse marron iris\u00e9 chocolat en soie duchesse JESSICA"},"content":{"rendered":"<p>Blouse marron iris\u00e9 chocolat en soie duchesse.\u00a0Encolure carr\u00e9e \u00e9lastiqu\u00e9e, pliss\u00e9 avec \u00e9lastique sous la poitrine. Manches bouffantes. Deux liens sur le devant pour la fermer et liens nou\u00e9s sur les poignets.<\/p>\n<p>LOOK 17 de notre d\u00e9fil\u00e9 automne hiver \u00ab\u00a0L&rsquo;Affranchie\u00a0\u00bb de septembre 2022.<\/p>\n<p>La mod\u00e8le mesure 172 cm et porte une taille S-36.<\/p>\n<p>Nous pouvons faire 8 blouses dans ce tissu.<\/p>\n","protected":false},"excerpt":{"rendered":"<p>Blouse marron iris\u00e9 chocolat en soie duchesse.\u00a0Encolure carr\u00e9e \u00e9lastiqu\u00e9e, pliss\u00e9 avec \u00e9lastique sous la poitrine. Manches bouffantes. Deux liens sur le devant&hellip;<\/p>\n","protected":false},"featured_media":345117,"template":"","meta":[],"product_brand":[],"product_cat":[663,671,674,661],"product_tag":[],"class_list":{"0":"post-363196","1":"product","2":"type-product","3":"status-publish","4":"has-post-thumbnail","6":"product_cat-blouses","7":"product_cat-defiles","8":"product_cat-tops","9":"product_cat-tout-voir","10":"pa_taille-l-40-2","11":"pa_taille-m-38-2","12":"pa_taille-s-36-2","13":"pa_taille-sur-mesure-fr-2","14":"pa_taille-xl-42-fr-2","15":"pa_taille-xs-34-2","17":"first","18":"instock","19":"taxable","20":"shipping-taxable","21":"purchasable","22":"product-type-variable"},"_links":{"self":[{"href":"https:\/\/maisoncleo.com\/fr\/wp-json\/wp\/v2\/product\/363196","targetHints":{"allow":["GET"]}}],"collection":[{"href":"https:\/\/maisoncleo.com\/fr\/wp-json\/wp\/v2\/product"}],"about":[{"href":"https:\/\/maisoncleo.com\/fr\/wp-json\/wp\/v2\/types\/product"}],"version-history":[{"count":1,"href":"https:\/\/maisoncleo.com\/fr\/wp-json\/wp\/v2\/product\/363196\/revisions"}],"predecessor-version":[{"id":363243,"href":"https:\/\/maisoncleo.com\/fr\/wp-json\/wp\/v2\/product\/363196\/revisions\/363243"}],"wp:featuredmedia":[{"embeddable":true,"href":"https:\/\/maisoncleo.com\/fr\/wp-json\/wp\/v2\/media\/345117"}],"wp:attachment":[{"href":"https:\/\/maisoncleo.com\/fr\/wp-json\/wp\/v2\/media?parent=363196"}],"wp:term":[{"taxonomy":"product_brand","embeddable":true,"href":"https:\/\/maisoncleo.com\/fr\/wp-json\/wp\/v2\/product_brand?post=363196"},{"taxonomy":"product_cat","embeddable":true,"href":"https:\/\/maisoncleo.com\/fr\/wp-json\/wp\/v2\/product_cat?post=363196"},{"taxonomy":"product_tag","embeddable":true,"href":"https:\/\/maisoncleo.com\/fr\/wp-json\/wp\/v2\/product_tag?post=363196"}],"curies":[{"name":"wp","href":"https:\/\/api.w.org\/{rel}","templated":true}]}}