{"id":363194,"date":"2024-09-10T01:20:05","date_gmt":"2024-09-10T14:46:23","guid":{"rendered":"https:\/\/maisoncleo.com\/\/?post_type=product&#038;p=363194"},"modified":"2024-09-10T21:14:26","modified_gmt":"2024-09-10T19:14:26","slug":"fw22-runway-look-18-jupe-longue-en-velours-noir-corsetee-avec-papillons-dores-cindy","status":"publish","type":"product","link":"https:\/\/maisoncleo.com\/fr\/shop\/fw22-runway-look-18-jupe-longue-en-velours-noir-corsetee-avec-papillons-dores-cindy\/","title":{"rendered":"FW22 RUNWAY LOOK 18 &#8211; Jupe longue en velours noir corset\u00e9e avec papillons dor\u00e9s CINDY"},"content":{"rendered":"<p>Jupe longue en velours noir avec papillons dor\u00e9s.<\/p>\n<p>Taille basse. La\u00e7age style corset le long de chaque c\u00f4t\u00e9. 100% velours \u00e0 motif papillons dor\u00e9s.<\/p>\n<p>LOOK 18 de notre d\u00e9fil\u00e9 automne hiver \u00ab\u00a0L&rsquo;Affranchie\u00a0\u00bb de septembre 2022.<\/p>\n<p>La mod\u00e8le mesure 172 cm et porte une taille S-36.<\/p>\n<p>Nous pouvons faire 2 jupes dans ce tissu.<\/p>\n","protected":false},"excerpt":{"rendered":"<p>Jupe longue en velours noir avec papillons dor\u00e9s. Taille basse. La\u00e7age style corset le long de chaque c\u00f4t\u00e9. 100% velours \u00e0 motif&hellip;<\/p>\n","protected":false},"featured_media":345094,"template":"","meta":[],"product_brand":[],"product_cat":[671,672,661],"product_tag":[],"class_list":{"0":"post-363194","1":"product","2":"type-product","3":"status-publish","4":"has-post-thumbnail","6":"product_cat-defiles","7":"product_cat-jupes","8":"product_cat-tout-voir","9":"pa_taille-l-40-2","10":"pa_taille-m-38-2","11":"pa_taille-s-36-2","12":"pa_taille-sur-mesure-fr-2","13":"pa_taille-xl-42-fr-2","14":"pa_taille-xs-34-2","16":"first","17":"outofstock","18":"taxable","19":"shipping-taxable","20":"purchasable","21":"product-type-variable"},"_links":{"self":[{"href":"https:\/\/maisoncleo.com\/fr\/wp-json\/wp\/v2\/product\/363194","targetHints":{"allow":["GET"]}}],"collection":[{"href":"https:\/\/maisoncleo.com\/fr\/wp-json\/wp\/v2\/product"}],"about":[{"href":"https:\/\/maisoncleo.com\/fr\/wp-json\/wp\/v2\/types\/product"}],"version-history":[{"count":1,"href":"https:\/\/maisoncleo.com\/fr\/wp-json\/wp\/v2\/product\/363194\/revisions"}],"predecessor-version":[{"id":363244,"href":"https:\/\/maisoncleo.com\/fr\/wp-json\/wp\/v2\/product\/363194\/revisions\/363244"}],"wp:featuredmedia":[{"embeddable":true,"href":"https:\/\/maisoncleo.com\/fr\/wp-json\/wp\/v2\/media\/345094"}],"wp:attachment":[{"href":"https:\/\/maisoncleo.com\/fr\/wp-json\/wp\/v2\/media?parent=363194"}],"wp:term":[{"taxonomy":"product_brand","embeddable":true,"href":"https:\/\/maisoncleo.com\/fr\/wp-json\/wp\/v2\/product_brand?post=363194"},{"taxonomy":"product_cat","embeddable":true,"href":"https:\/\/maisoncleo.com\/fr\/wp-json\/wp\/v2\/product_cat?post=363194"},{"taxonomy":"product_tag","embeddable":true,"href":"https:\/\/maisoncleo.com\/fr\/wp-json\/wp\/v2\/product_tag?post=363194"}],"curies":[{"name":"wp","href":"https:\/\/api.w.org\/{rel}","templated":true}]}}