{"id":363191,"date":"2024-09-10T01:20:04","date_gmt":"2024-09-10T14:46:23","guid":{"rendered":"https:\/\/maisoncleo.com\/\/?post_type=product&#038;p=363191"},"modified":"2024-09-10T21:14:28","modified_gmt":"2024-09-10T19:14:28","slug":"fw22-runway-look-16-veste-mi-longue-en-simili-cuir-marron-chocolat-broderie-chaines-hanae","status":"publish","type":"product","link":"https:\/\/maisoncleo.com\/fr\/shop\/fw22-runway-look-16-veste-mi-longue-en-simili-cuir-marron-chocolat-broderie-chaines-hanae\/","title":{"rendered":"FW22 RUNWAY LOOK 16 &#8211; Veste mi-longue en simili cuir marron chocolat broderie cha\u00eenes HANAE"},"content":{"rendered":"<p>Veste mi-longue en simili cuir marron chocolat \u00e0 broderies bordeaux motif cha\u00eenes.<\/p>\n<p>Coupe droite, mi-longue. Fermeture \u00e0 quatre boutons sur le devant. Poche sur chaque c\u00f4t\u00e9.<\/p>\n<p>Tissu simili cuir d\u00e9stock\u00e9 provenant d&rsquo;une maison de Haute couture. Enti\u00e8rement doubl\u00e9 en soie imprim\u00e9e avec notre logo MC.<\/p>\n<p>LOOK 16 de notre d\u00e9fil\u00e9 automne hiver \u00ab\u00a0L&rsquo;Affranchie\u00a0\u00bb de septembre 2022.<\/p>\n<p>La mod\u00e8le mesure 172 cm et porte une taille S-36.<\/p>\n<p>Nous pouvons faire 2 vestes dans ce tissu. Il faut 5 heures pour en faire une.<\/p>\n","protected":false},"excerpt":{"rendered":"<p>Veste mi-longue en simili cuir marron chocolat \u00e0 broderies bordeaux motif cha\u00eenes. Coupe droite, mi-longue. Fermeture \u00e0 quatre boutons sur le devant.&hellip;<\/p>\n","protected":false},"featured_media":345069,"template":"","meta":[],"product_brand":[],"product_cat":[671,661,665],"product_tag":[],"class_list":{"0":"post-363191","1":"product","2":"type-product","3":"status-publish","4":"has-post-thumbnail","6":"product_cat-defiles","7":"product_cat-tout-voir","8":"product_cat-vestes-manteaux","9":"pa_taille-l-40-2","10":"pa_taille-m-38-2","11":"pa_taille-s-36-2","12":"pa_taille-sur-mesure-fr-2","13":"pa_taille-xl-42-fr-2","14":"pa_taille-xs-34-2","16":"first","17":"outofstock","18":"taxable","19":"shipping-taxable","20":"purchasable","21":"product-type-variable"},"_links":{"self":[{"href":"https:\/\/maisoncleo.com\/fr\/wp-json\/wp\/v2\/product\/363191","targetHints":{"allow":["GET"]}}],"collection":[{"href":"https:\/\/maisoncleo.com\/fr\/wp-json\/wp\/v2\/product"}],"about":[{"href":"https:\/\/maisoncleo.com\/fr\/wp-json\/wp\/v2\/types\/product"}],"version-history":[{"count":1,"href":"https:\/\/maisoncleo.com\/fr\/wp-json\/wp\/v2\/product\/363191\/revisions"}],"predecessor-version":[{"id":363271,"href":"https:\/\/maisoncleo.com\/fr\/wp-json\/wp\/v2\/product\/363191\/revisions\/363271"}],"wp:featuredmedia":[{"embeddable":true,"href":"https:\/\/maisoncleo.com\/fr\/wp-json\/wp\/v2\/media\/345069"}],"wp:attachment":[{"href":"https:\/\/maisoncleo.com\/fr\/wp-json\/wp\/v2\/media?parent=363191"}],"wp:term":[{"taxonomy":"product_brand","embeddable":true,"href":"https:\/\/maisoncleo.com\/fr\/wp-json\/wp\/v2\/product_brand?post=363191"},{"taxonomy":"product_cat","embeddable":true,"href":"https:\/\/maisoncleo.com\/fr\/wp-json\/wp\/v2\/product_cat?post=363191"},{"taxonomy":"product_tag","embeddable":true,"href":"https:\/\/maisoncleo.com\/fr\/wp-json\/wp\/v2\/product_tag?post=363191"}],"curies":[{"name":"wp","href":"https:\/\/api.w.org\/{rel}","templated":true}]}}