{"id":363190,"date":"2024-09-10T01:20:04","date_gmt":"2024-09-10T14:46:23","guid":{"rendered":"https:\/\/maisoncleo.com\/\/?post_type=product&#038;p=363190"},"modified":"2024-09-10T21:14:19","modified_gmt":"2024-09-10T19:14:19","slug":"fw22-runway-look-16-pantalon-evase-en-simili-cuir-marron-chocolat-broderies-chaines-hana","status":"publish","type":"product","link":"https:\/\/maisoncleo.com\/fr\/shop\/fw22-runway-look-16-pantalon-evase-en-simili-cuir-marron-chocolat-broderies-chaines-hana\/","title":{"rendered":"FW22 RUNWAY LOOK 16 &#8211; Pantalon \u00e9vas\u00e9 en simili cuir marron chocolat broderies cha\u00eenes HANA"},"content":{"rendered":"<p>Pantalon \u00e9vas\u00e9 en simili cuir marron fonc\u00e9 avec travail de broderies en motif de cha\u00eenes de couleur bordeaux.<\/p>\n<p>Coupe bootcut. Large \u00e9lastique \u00e0 la taille. Grande poche sur chaque c\u00f4t\u00e9.<\/p>\n<p>100% simili cuir d\u00e9stock\u00e9 provenant d&rsquo;une maison de haute couture..<\/p>\n<p>LOOK 16 de notre d\u00e9fil\u00e9 automne hiver \u00ab\u00a0L&rsquo;Affranchie\u00a0\u00bb de septembre 2022.<\/p>\n<p>La mod\u00e8le mesure 172 cm et porte une taille S-36.<\/p>\n","protected":false},"excerpt":{"rendered":"<p>Pantalon \u00e9vas\u00e9 en simili cuir marron fonc\u00e9 avec travail de broderies en motif de cha\u00eenes de couleur bordeaux. Coupe bootcut. Large \u00e9lastique&hellip;<\/p>\n","protected":false},"featured_media":345064,"template":"","meta":[],"product_brand":[],"product_cat":[671,675,661],"product_tag":[],"class_list":{"0":"post-363190","1":"product","2":"type-product","3":"status-publish","4":"has-post-thumbnail","6":"product_cat-defiles","7":"product_cat-pantalons-shorts","8":"product_cat-tout-voir","9":"pa_taille-l-40-2","10":"pa_taille-m-38-2","11":"pa_taille-s-36-2","12":"pa_taille-sur-mesure-fr-2","13":"pa_taille-xl-42-fr-2","14":"pa_taille-xs-34-2","16":"first","17":"outofstock","18":"taxable","19":"shipping-taxable","20":"purchasable","21":"product-type-variable"},"_links":{"self":[{"href":"https:\/\/maisoncleo.com\/fr\/wp-json\/wp\/v2\/product\/363190","targetHints":{"allow":["GET"]}}],"collection":[{"href":"https:\/\/maisoncleo.com\/fr\/wp-json\/wp\/v2\/product"}],"about":[{"href":"https:\/\/maisoncleo.com\/fr\/wp-json\/wp\/v2\/types\/product"}],"version-history":[{"count":1,"href":"https:\/\/maisoncleo.com\/fr\/wp-json\/wp\/v2\/product\/363190\/revisions"}],"predecessor-version":[{"id":363216,"href":"https:\/\/maisoncleo.com\/fr\/wp-json\/wp\/v2\/product\/363190\/revisions\/363216"}],"wp:featuredmedia":[{"embeddable":true,"href":"https:\/\/maisoncleo.com\/fr\/wp-json\/wp\/v2\/media\/345064"}],"wp:attachment":[{"href":"https:\/\/maisoncleo.com\/fr\/wp-json\/wp\/v2\/media?parent=363190"}],"wp:term":[{"taxonomy":"product_brand","embeddable":true,"href":"https:\/\/maisoncleo.com\/fr\/wp-json\/wp\/v2\/product_brand?post=363190"},{"taxonomy":"product_cat","embeddable":true,"href":"https:\/\/maisoncleo.com\/fr\/wp-json\/wp\/v2\/product_cat?post=363190"},{"taxonomy":"product_tag","embeddable":true,"href":"https:\/\/maisoncleo.com\/fr\/wp-json\/wp\/v2\/product_tag?post=363190"}],"curies":[{"name":"wp","href":"https:\/\/api.w.org\/{rel}","templated":true}]}}