{"id":363178,"date":"2024-09-10T01:19:31","date_gmt":"2024-09-10T14:46:02","guid":{"rendered":"https:\/\/maisoncleo.com\/\/?post_type=product&#038;p=363178"},"modified":"2024-09-10T21:15:02","modified_gmt":"2024-09-10T19:15:02","slug":"fw22-runway-look-15-sac-baguette-en-faux-cuir-noir-emmanuelle","status":"publish","type":"product","link":"https:\/\/maisoncleo.com\/fr\/shop\/fw22-runway-look-15-sac-baguette-en-faux-cuir-noir-emmanuelle\/","title":{"rendered":"FW22 RUNWAY LOOK 15 &#8211; Sac baguette en faux cuir noir EMMANUELLE"},"content":{"rendered":"<p>Sac baguette en faux cuir noir. Petite anse. Fermeture zipp\u00e9e, mini poche \u00e0 l&rsquo;int\u00e9rieur, enti\u00e8rement doubl\u00e9e de tissu trench marron \u00e0 carreaux \u00e9cossais. Liens en satin sur les c\u00f4t\u00e9s, boucle arrondie vintage deadstock marron.<\/p>\n<p>Tissu 100% faux cuir textur\u00e9.<\/p>\n<p>Hauteur de l&rsquo;anse : 21 cm<\/p>\n<p>Longueur de la fermeture \u00e9clair : 18 cm<\/p>\n<p>LOOK 15 de notre d\u00e9fil\u00e9 automne hiver septembre 2022 \u00ab\u00a0L&rsquo;Affranchie\u00a0\u00bb.<\/p>\n<p>Notre sac baguette mignon pr\u00e9f\u00e9r\u00e9 &lt;3<\/p>\n","protected":false},"excerpt":{"rendered":"<p>Sac baguette en faux cuir noir. Petite anse. Fermeture zipp\u00e9e, mini poche \u00e0 l&rsquo;int\u00e9rieur, enti\u00e8rement doubl\u00e9e de tissu trench marron \u00e0 carreaux&hellip;<\/p>\n","protected":false},"featured_media":345037,"template":"","meta":[],"product_brand":[],"product_cat":[651,669,671,652,661],"product_tag":[],"class_list":{"0":"post-363178","1":"product","2":"type-product","3":"status-publish","4":"has-post-thumbnail","6":"product_cat-accessoires","7":"product_cat-always-buyable-fr","8":"product_cat-defiles","9":"product_cat-sacs","10":"product_cat-tout-voir","11":"pa_taille-taille-unique-2","13":"first","14":"outofstock","15":"taxable","16":"shipping-taxable","17":"purchasable","18":"product-type-variable"},"_links":{"self":[{"href":"https:\/\/maisoncleo.com\/fr\/wp-json\/wp\/v2\/product\/363178","targetHints":{"allow":["GET"]}}],"collection":[{"href":"https:\/\/maisoncleo.com\/fr\/wp-json\/wp\/v2\/product"}],"about":[{"href":"https:\/\/maisoncleo.com\/fr\/wp-json\/wp\/v2\/types\/product"}],"version-history":[{"count":1,"href":"https:\/\/maisoncleo.com\/fr\/wp-json\/wp\/v2\/product\/363178\/revisions"}],"predecessor-version":[{"id":363455,"href":"https:\/\/maisoncleo.com\/fr\/wp-json\/wp\/v2\/product\/363178\/revisions\/363455"}],"wp:featuredmedia":[{"embeddable":true,"href":"https:\/\/maisoncleo.com\/fr\/wp-json\/wp\/v2\/media\/345037"}],"wp:attachment":[{"href":"https:\/\/maisoncleo.com\/fr\/wp-json\/wp\/v2\/media?parent=363178"}],"wp:term":[{"taxonomy":"product_brand","embeddable":true,"href":"https:\/\/maisoncleo.com\/fr\/wp-json\/wp\/v2\/product_brand?post=363178"},{"taxonomy":"product_cat","embeddable":true,"href":"https:\/\/maisoncleo.com\/fr\/wp-json\/wp\/v2\/product_cat?post=363178"},{"taxonomy":"product_tag","embeddable":true,"href":"https:\/\/maisoncleo.com\/fr\/wp-json\/wp\/v2\/product_tag?post=363178"}],"curies":[{"name":"wp","href":"https:\/\/api.w.org\/{rel}","templated":true}]}}