{"id":363177,"date":"2024-09-10T01:19:31","date_gmt":"2024-09-10T14:46:02","guid":{"rendered":"https:\/\/maisoncleo.com\/\/?post_type=product&#038;p=363177"},"modified":"2024-09-10T21:14:18","modified_gmt":"2024-09-10T19:14:18","slug":"fw22-runway-look-15-mini-robe-noire-tricotee-en-laine-wendy","status":"publish","type":"product","link":"https:\/\/maisoncleo.com\/fr\/shop\/fw22-runway-look-15-mini-robe-noire-tricotee-en-laine-wendy\/","title":{"rendered":"FW22 RUNWAY LOOK 15 &#8211; Mini robe noire tricot\u00e9e en laine WENDY"},"content":{"rendered":"<p>Mini robe noire tricot\u00e9e en laine.\u00a0C\u00f4tel\u00e9 \u00e0 l&rsquo;encolure et aux emmanchures. Laine. Tricot\u00e9e avec plusieurs fils ce qui la rend \u00e9paisse et chaude &lt;3<\/p>\n<p>LOOK 15 de notre d\u00e9fil\u00e9 automne hiver \u00ab\u00a0L&rsquo;Affranchie\u00a0\u00bb de septembre 2022.<\/p>\n<p>La mod\u00e8le mesure 172 cm et porte une taille S-36.<\/p>\n","protected":false},"excerpt":{"rendered":"<p>Mini robe noire tricot\u00e9e en laine.\u00a0C\u00f4tel\u00e9 \u00e0 l&rsquo;encolure et aux emmanchures. Laine. Tricot\u00e9e avec plusieurs fils ce qui la rend \u00e9paisse et&hellip;<\/p>\n","protected":false},"featured_media":345032,"template":"","meta":[],"product_brand":[],"product_cat":[666,664,661],"product_tag":[],"class_list":{"0":"post-363177","1":"product","2":"type-product","3":"status-publish","4":"has-post-thumbnail","6":"product_cat-mailles","7":"product_cat-robes","8":"product_cat-tout-voir","9":"pa_taille-l-40-2","10":"pa_taille-m-38-2","11":"pa_taille-s-36-2","12":"pa_taille-sur-mesure-fr-2","13":"pa_taille-xl-42-fr-2","14":"pa_taille-xs-34-2","16":"first","17":"outofstock","18":"taxable","19":"shipping-taxable","20":"purchasable","21":"product-type-variable"},"_links":{"self":[{"href":"https:\/\/maisoncleo.com\/fr\/wp-json\/wp\/v2\/product\/363177","targetHints":{"allow":["GET"]}}],"collection":[{"href":"https:\/\/maisoncleo.com\/fr\/wp-json\/wp\/v2\/product"}],"about":[{"href":"https:\/\/maisoncleo.com\/fr\/wp-json\/wp\/v2\/types\/product"}],"version-history":[{"count":1,"href":"https:\/\/maisoncleo.com\/fr\/wp-json\/wp\/v2\/product\/363177\/revisions"}],"predecessor-version":[{"id":363215,"href":"https:\/\/maisoncleo.com\/fr\/wp-json\/wp\/v2\/product\/363177\/revisions\/363215"}],"wp:featuredmedia":[{"embeddable":true,"href":"https:\/\/maisoncleo.com\/fr\/wp-json\/wp\/v2\/media\/345032"}],"wp:attachment":[{"href":"https:\/\/maisoncleo.com\/fr\/wp-json\/wp\/v2\/media?parent=363177"}],"wp:term":[{"taxonomy":"product_brand","embeddable":true,"href":"https:\/\/maisoncleo.com\/fr\/wp-json\/wp\/v2\/product_brand?post=363177"},{"taxonomy":"product_cat","embeddable":true,"href":"https:\/\/maisoncleo.com\/fr\/wp-json\/wp\/v2\/product_cat?post=363177"},{"taxonomy":"product_tag","embeddable":true,"href":"https:\/\/maisoncleo.com\/fr\/wp-json\/wp\/v2\/product_tag?post=363177"}],"curies":[{"name":"wp","href":"https:\/\/api.w.org\/{rel}","templated":true}]}}