{"id":363119,"date":"2024-09-10T01:16:00","date_gmt":"2024-09-10T14:44:32","guid":{"rendered":"https:\/\/maisoncleo.com\/\/?post_type=product&#038;p=363119"},"modified":"2024-09-10T21:14:11","modified_gmt":"2024-09-10T19:14:11","slug":"fw22-runway-look-12-jupe-mi-longue-froncee-en-soie-fleurie-chacha","status":"publish","type":"product","link":"https:\/\/maisoncleo.com\/fr\/shop\/fw22-runway-look-12-jupe-mi-longue-froncee-en-soie-fleurie-chacha\/","title":{"rendered":"FW22 RUNWAY LOOK 12 &#8211; Jupe mi-longue fronc\u00e9e en soie fleurie CHACHA"},"content":{"rendered":"<p>Jupe mi-longue fronc\u00e9e en soie fleurie.<\/p>\n<p>Taille haute. L\u00e9g\u00e8rement asym\u00e9trique. Volant\u00e9e.<\/p>\n<p>100% soie provenant d&rsquo;une maison de Haute couture fran\u00e7aise.<\/p>\n<p>LOOK 12 de notre d\u00e9fil\u00e9 automne hiver \u00ab\u00a0L&rsquo;Affranchie\u00a0\u00bb de septembre 2022.<\/p>\n<p>La mod\u00e8le mesure 172 cm et porte une taille S-36.<\/p>\n<p>Nous pouvons faire 3 jupes dans ce tissu.<\/p>\n","protected":false},"excerpt":{"rendered":"<p>Jupe mi-longue fronc\u00e9e en soie fleurie. Taille haute. L\u00e9g\u00e8rement asym\u00e9trique. Volant\u00e9e. 100% soie provenant d&rsquo;une maison de Haute couture fran\u00e7aise. LOOK 12&hellip;<\/p>\n","protected":false},"featured_media":344935,"template":"","meta":[],"product_brand":[],"product_cat":[671,672,661],"product_tag":[],"class_list":{"0":"post-363119","1":"product","2":"type-product","3":"status-publish","4":"has-post-thumbnail","6":"product_cat-defiles","7":"product_cat-jupes","8":"product_cat-tout-voir","9":"pa_taille-l-40-2","10":"pa_taille-m-38-2","11":"pa_taille-s-36-2","12":"pa_taille-sur-mesure-fr-2","13":"pa_taille-xl-42-fr-2","14":"pa_taille-xs-34-2","16":"first","17":"instock","18":"taxable","19":"shipping-taxable","20":"purchasable","21":"product-type-variable"},"_links":{"self":[{"href":"https:\/\/maisoncleo.com\/fr\/wp-json\/wp\/v2\/product\/363119","targetHints":{"allow":["GET"]}}],"collection":[{"href":"https:\/\/maisoncleo.com\/fr\/wp-json\/wp\/v2\/product"}],"about":[{"href":"https:\/\/maisoncleo.com\/fr\/wp-json\/wp\/v2\/types\/product"}],"version-history":[{"count":1,"href":"https:\/\/maisoncleo.com\/fr\/wp-json\/wp\/v2\/product\/363119\/revisions"}],"predecessor-version":[{"id":363155,"href":"https:\/\/maisoncleo.com\/fr\/wp-json\/wp\/v2\/product\/363119\/revisions\/363155"}],"wp:featuredmedia":[{"embeddable":true,"href":"https:\/\/maisoncleo.com\/fr\/wp-json\/wp\/v2\/media\/344935"}],"wp:attachment":[{"href":"https:\/\/maisoncleo.com\/fr\/wp-json\/wp\/v2\/media?parent=363119"}],"wp:term":[{"taxonomy":"product_brand","embeddable":true,"href":"https:\/\/maisoncleo.com\/fr\/wp-json\/wp\/v2\/product_brand?post=363119"},{"taxonomy":"product_cat","embeddable":true,"href":"https:\/\/maisoncleo.com\/fr\/wp-json\/wp\/v2\/product_cat?post=363119"},{"taxonomy":"product_tag","embeddable":true,"href":"https:\/\/maisoncleo.com\/fr\/wp-json\/wp\/v2\/product_tag?post=363119"}],"curies":[{"name":"wp","href":"https:\/\/api.w.org\/{rel}","templated":true}]}}