{"id":363068,"date":"2024-09-10T01:10:59","date_gmt":"2024-09-10T14:43:24","guid":{"rendered":"https:\/\/maisoncleo.com\/\/?post_type=product&#038;p=363068"},"modified":"2024-09-10T21:14:03","modified_gmt":"2024-09-10T19:14:03","slug":"fw22-runway-look-9-mini-jupe-plissee-noire-et-khaki-avec-detail-ceinture-carole","status":"publish","type":"product","link":"https:\/\/maisoncleo.com\/fr\/shop\/fw22-runway-look-9-mini-jupe-plissee-noire-et-khaki-avec-detail-ceinture-carole\/","title":{"rendered":"FW22 RUNWAY LOOK 9 &#8211; Mini jupe pliss\u00e9e noire et khaki avec d\u00e9tail ceinture CAROLE"},"content":{"rendered":"<p>Mini jupe pliss\u00e9e noire \u00e0 fleurs khakies et d\u00e9tail boucle de ceinture en faux cuir marron. La boucle de ceinture marron provient d&rsquo;un stock vintage.<\/p>\n<p>Taille haute. Fermeture \u00e9clair dans le dos. 90% coton \u00e9pais et 10% \u00e9lasthane.<\/p>\n<p>LOOK 9 de notre d\u00e9fil\u00e9 automne hiver \u00ab\u00a0L&rsquo;Affranchie\u00a0\u00bb de septembre 2022.<\/p>\n<p>La mod\u00e8le mesure 172 cm et porte une taille S-36.<\/p>\n<p>Nous pouvons faire 7 jupes dans ce tissu.<\/p>\n","protected":false},"excerpt":{"rendered":"<p>Mini jupe pliss\u00e9e noire \u00e0 fleurs khakies et d\u00e9tail boucle de ceinture en faux cuir marron. La boucle de ceinture marron provient&hellip;<\/p>\n","protected":false},"featured_media":344849,"template":"","meta":[],"product_brand":[],"product_cat":[672,661],"product_tag":[],"class_list":{"0":"post-363068","1":"product","2":"type-product","3":"status-publish","4":"has-post-thumbnail","6":"product_cat-jupes","7":"product_cat-tout-voir","8":"pa_taille-l-40-2","9":"pa_taille-m-38-2","10":"pa_taille-s-36-2","11":"pa_taille-sur-mesure-fr-2","12":"pa_taille-xl-42-fr-2","13":"pa_taille-xs-34-2","15":"first","16":"instock","17":"taxable","18":"shipping-taxable","19":"purchasable","20":"product-type-variable"},"_links":{"self":[{"href":"https:\/\/maisoncleo.com\/fr\/wp-json\/wp\/v2\/product\/363068","targetHints":{"allow":["GET"]}}],"collection":[{"href":"https:\/\/maisoncleo.com\/fr\/wp-json\/wp\/v2\/product"}],"about":[{"href":"https:\/\/maisoncleo.com\/fr\/wp-json\/wp\/v2\/types\/product"}],"version-history":[{"count":1,"href":"https:\/\/maisoncleo.com\/fr\/wp-json\/wp\/v2\/product\/363068\/revisions"}],"predecessor-version":[{"id":363096,"href":"https:\/\/maisoncleo.com\/fr\/wp-json\/wp\/v2\/product\/363068\/revisions\/363096"}],"wp:featuredmedia":[{"embeddable":true,"href":"https:\/\/maisoncleo.com\/fr\/wp-json\/wp\/v2\/media\/344849"}],"wp:attachment":[{"href":"https:\/\/maisoncleo.com\/fr\/wp-json\/wp\/v2\/media?parent=363068"}],"wp:term":[{"taxonomy":"product_brand","embeddable":true,"href":"https:\/\/maisoncleo.com\/fr\/wp-json\/wp\/v2\/product_brand?post=363068"},{"taxonomy":"product_cat","embeddable":true,"href":"https:\/\/maisoncleo.com\/fr\/wp-json\/wp\/v2\/product_cat?post=363068"},{"taxonomy":"product_tag","embeddable":true,"href":"https:\/\/maisoncleo.com\/fr\/wp-json\/wp\/v2\/product_tag?post=363068"}],"curies":[{"name":"wp","href":"https:\/\/api.w.org\/{rel}","templated":true}]}}