{"id":363067,"date":"2024-09-10T01:10:37","date_gmt":"2024-09-10T14:43:24","guid":{"rendered":"https:\/\/maisoncleo.com\/\/?post_type=product&#038;p=363067"},"modified":"2024-09-10T21:15:06","modified_gmt":"2024-09-10T19:15:06","slug":"fw22-runway-look-8-blouse-en-coton-blanc-avec-col-rond-diana","status":"publish","type":"product","link":"https:\/\/maisoncleo.com\/fr\/shop\/fw22-runway-look-8-blouse-en-coton-blanc-avec-col-rond-diana\/","title":{"rendered":"FW22 RUNWAY LOOK 8 &#8211; Blouse en coton blanc avec col rond DIANA"},"content":{"rendered":"<p>Blouse en coton blanc avec col rond et dentelles.<\/p>\n<p>Manches longues bouffantes, poignets \u00e9lastiqu\u00e9s \u00e0 volants. Trois liens \u00e0 nouer sur le devant. Grand col rond en coton blanc. Galon de broderie anglaise sur les poignets, le bas de la blouse ainsi que le col.<\/p>\n<p>Variation de couleur et de mati\u00e8re du LOOK 8 de notre d\u00e9fil\u00e9 automne hiver \u00ab\u00a0L&rsquo;Affranchie\u00a0\u00bb de septembre 2022.<\/p>\n<p>La mod\u00e8le mesure 172 cm et porte une taille S-36.<\/p>\n<p>&nbsp;<\/p>\n","protected":false},"excerpt":{"rendered":"<p>Blouse en coton blanc avec col rond et dentelles. Manches longues bouffantes, poignets \u00e9lastiqu\u00e9s \u00e0 volants. Trois liens \u00e0 nouer sur le&hellip;<\/p>\n","protected":false},"featured_media":345696,"template":"","meta":[],"product_brand":[],"product_cat":[663,671,674,661],"product_tag":[],"class_list":{"0":"post-363067","1":"product","2":"type-product","3":"status-publish","4":"has-post-thumbnail","6":"product_cat-blouses","7":"product_cat-defiles","8":"product_cat-tops","9":"product_cat-tout-voir","10":"pa_taille-l-40-2","11":"pa_taille-m-38-2","12":"pa_taille-s-36-2","13":"pa_taille-sur-mesure-fr-2","14":"pa_taille-xl-42-fr-2","15":"pa_taille-xs-34-2","17":"first","18":"instock","19":"taxable","20":"shipping-taxable","21":"purchasable","22":"product-type-variable"},"_links":{"self":[{"href":"https:\/\/maisoncleo.com\/fr\/wp-json\/wp\/v2\/product\/363067","targetHints":{"allow":["GET"]}}],"collection":[{"href":"https:\/\/maisoncleo.com\/fr\/wp-json\/wp\/v2\/product"}],"about":[{"href":"https:\/\/maisoncleo.com\/fr\/wp-json\/wp\/v2\/types\/product"}],"version-history":[{"count":1,"href":"https:\/\/maisoncleo.com\/fr\/wp-json\/wp\/v2\/product\/363067\/revisions"}],"predecessor-version":[{"id":363470,"href":"https:\/\/maisoncleo.com\/fr\/wp-json\/wp\/v2\/product\/363067\/revisions\/363470"}],"wp:featuredmedia":[{"embeddable":true,"href":"https:\/\/maisoncleo.com\/fr\/wp-json\/wp\/v2\/media\/345696"}],"wp:attachment":[{"href":"https:\/\/maisoncleo.com\/fr\/wp-json\/wp\/v2\/media?parent=363067"}],"wp:term":[{"taxonomy":"product_brand","embeddable":true,"href":"https:\/\/maisoncleo.com\/fr\/wp-json\/wp\/v2\/product_brand?post=363067"},{"taxonomy":"product_cat","embeddable":true,"href":"https:\/\/maisoncleo.com\/fr\/wp-json\/wp\/v2\/product_cat?post=363067"},{"taxonomy":"product_tag","embeddable":true,"href":"https:\/\/maisoncleo.com\/fr\/wp-json\/wp\/v2\/product_tag?post=363067"}],"curies":[{"name":"wp","href":"https:\/\/api.w.org\/{rel}","templated":true}]}}