{"id":363066,"date":"2024-09-10T01:10:37","date_gmt":"2024-09-10T14:43:24","guid":{"rendered":"https:\/\/maisoncleo.com\/\/?post_type=product&#038;p=363066"},"modified":"2024-09-10T21:14:09","modified_gmt":"2024-09-10T19:14:09","slug":"fw22-runway-look-8-jupe-en-denim-mi-longue-avec-details-rouges-christy","status":"publish","type":"product","link":"https:\/\/maisoncleo.com\/fr\/shop\/fw22-runway-look-8-jupe-en-denim-mi-longue-avec-details-rouges-christy\/","title":{"rendered":"FW22 RUNWAY LOOK 8 &#8211; Jupe en denim mi-longue avec d\u00e9tails rouges CHRISTY"},"content":{"rendered":"<p>Jupe en denim fonc\u00e9 mi-longue avec d\u00e9tails rouges.<\/p>\n<p><span style=\"font-size: 1.7rem;\">Fermeture\u00a0<\/span>\u00e9clair<span style=\"font-size: 1.7rem;\">\u00a0sur le devant. Deux poches italiennes sur le devant, deux poches arri\u00e8res plaqu\u00e9es.\u00a0Ceinture avec passants. L\u00e9g\u00e8rement asym\u00e9trique.<\/span><\/p>\n<p><span style=\"font-size: 1.7rem;\">D\u00e9tails rouges en broderie au point de croix.<\/span><\/p>\n<p>LOOK 8 de notre d\u00e9fil\u00e9 automne hiver \u00ab\u00a0L&rsquo;Affranchie\u00a0\u00bb de septembre 2022.<\/p>\n<p>La mod\u00e8le mesure 172 cm et porte une taille S-36.<\/p>\n","protected":false},"excerpt":{"rendered":"<p>Jupe en denim fonc\u00e9 mi-longue avec d\u00e9tails rouges. Fermeture\u00a0\u00e9clair\u00a0sur le devant. Deux poches italiennes sur le devant, deux poches arri\u00e8res plaqu\u00e9es.\u00a0Ceinture avec&hellip;<\/p>\n","protected":false},"featured_media":344899,"template":"","meta":[],"product_brand":[],"product_cat":[671,672,661],"product_tag":[],"class_list":{"0":"post-363066","1":"product","2":"type-product","3":"status-publish","4":"has-post-thumbnail","6":"product_cat-defiles","7":"product_cat-jupes","8":"product_cat-tout-voir","9":"pa_taille-l-40-2","10":"pa_taille-m-38-2","11":"pa_taille-s-36-2","12":"pa_taille-sur-mesure-fr-2","13":"pa_taille-xl-42-fr-2","14":"pa_taille-xs-34-2","16":"first","17":"instock","18":"taxable","19":"shipping-taxable","20":"purchasable","21":"product-type-variable"},"_links":{"self":[{"href":"https:\/\/maisoncleo.com\/fr\/wp-json\/wp\/v2\/product\/363066","targetHints":{"allow":["GET"]}}],"collection":[{"href":"https:\/\/maisoncleo.com\/fr\/wp-json\/wp\/v2\/product"}],"about":[{"href":"https:\/\/maisoncleo.com\/fr\/wp-json\/wp\/v2\/types\/product"}],"version-history":[{"count":1,"href":"https:\/\/maisoncleo.com\/fr\/wp-json\/wp\/v2\/product\/363066\/revisions"}],"predecessor-version":[{"id":363127,"href":"https:\/\/maisoncleo.com\/fr\/wp-json\/wp\/v2\/product\/363066\/revisions\/363127"}],"wp:featuredmedia":[{"embeddable":true,"href":"https:\/\/maisoncleo.com\/fr\/wp-json\/wp\/v2\/media\/344899"}],"wp:attachment":[{"href":"https:\/\/maisoncleo.com\/fr\/wp-json\/wp\/v2\/media?parent=363066"}],"wp:term":[{"taxonomy":"product_brand","embeddable":true,"href":"https:\/\/maisoncleo.com\/fr\/wp-json\/wp\/v2\/product_brand?post=363066"},{"taxonomy":"product_cat","embeddable":true,"href":"https:\/\/maisoncleo.com\/fr\/wp-json\/wp\/v2\/product_cat?post=363066"},{"taxonomy":"product_tag","embeddable":true,"href":"https:\/\/maisoncleo.com\/fr\/wp-json\/wp\/v2\/product_tag?post=363066"}],"curies":[{"name":"wp","href":"https:\/\/api.w.org\/{rel}","templated":true}]}}