{"id":363058,"date":"2024-09-10T01:09:47","date_gmt":"2024-09-10T14:43:23","guid":{"rendered":"https:\/\/maisoncleo.com\/\/?post_type=product&#038;p=363058"},"modified":"2024-09-10T21:14:07","modified_gmt":"2024-09-10T19:14:07","slug":"fw22-runway-look-10-jupe-longue-volantee-motif-fleurs-bordeaux-et-violet-en-mesh-louisa","status":"publish","type":"product","link":"https:\/\/maisoncleo.com\/fr\/shop\/fw22-runway-look-10-jupe-longue-volantee-motif-fleurs-bordeaux-et-violet-en-mesh-louisa\/","title":{"rendered":"FW22 RUNWAY LOOK 10 &#8211; Jupe longue volant\u00e9e motif fleurs bordeaux et violet en mesh LOUISA"},"content":{"rendered":"<p>Jupe longue volant\u00e9e \u00e0 motif fleurs bordeaux et violet en mesh.<\/p>\n<p>Tissu mesh \u00e0 fleurs\u00a0en collaboration avec l&rsquo;artiste peintre belge Stevie Dix. Design\u00a0unique !<\/p>\n<p>Veuillez noter la possibilit\u00e9 d&rsquo;ajouter une doublure en mesh. Il n&rsquo;y avait pas de doublure sur les photos du d\u00e9fil\u00e9.<\/p>\n<p>LOOK 10 de notre d\u00e9fil\u00e9 automne hiver \u00ab\u00a0L&rsquo;Affranchie\u00a0\u00bb de septembre 2022.<\/p>\n<p>La mod\u00e8le mesure 172 cm et porte une taille S-36.<\/p>\n","protected":false},"excerpt":{"rendered":"<p>Jupe longue volant\u00e9e \u00e0 motif fleurs bordeaux et violet en mesh. Tissu mesh \u00e0 fleurs\u00a0en collaboration avec l&rsquo;artiste peintre belge Stevie Dix.&hellip;<\/p>\n","protected":false},"featured_media":344817,"template":"","meta":[],"product_brand":[],"product_cat":[671,672,661],"product_tag":[],"class_list":{"0":"post-363058","1":"product","2":"type-product","3":"status-publish","4":"has-post-thumbnail","6":"product_cat-defiles","7":"product_cat-jupes","8":"product_cat-tout-voir","9":"pa_taille-l-40-2","10":"pa_taille-m-38-2","11":"pa_taille-s-36-2","12":"pa_taille-sur-mesure-fr-2","13":"pa_taille-xl-42-fr-2","14":"pa_taille-xs-34-2","16":"first","17":"instock","18":"taxable","19":"shipping-taxable","20":"purchasable","21":"product-type-variable"},"_links":{"self":[{"href":"https:\/\/maisoncleo.com\/fr\/wp-json\/wp\/v2\/product\/363058","targetHints":{"allow":["GET"]}}],"collection":[{"href":"https:\/\/maisoncleo.com\/fr\/wp-json\/wp\/v2\/product"}],"about":[{"href":"https:\/\/maisoncleo.com\/fr\/wp-json\/wp\/v2\/types\/product"}],"version-history":[{"count":1,"href":"https:\/\/maisoncleo.com\/fr\/wp-json\/wp\/v2\/product\/363058\/revisions"}],"predecessor-version":[{"id":363126,"href":"https:\/\/maisoncleo.com\/fr\/wp-json\/wp\/v2\/product\/363058\/revisions\/363126"}],"wp:featuredmedia":[{"embeddable":true,"href":"https:\/\/maisoncleo.com\/fr\/wp-json\/wp\/v2\/media\/344817"}],"wp:attachment":[{"href":"https:\/\/maisoncleo.com\/fr\/wp-json\/wp\/v2\/media?parent=363058"}],"wp:term":[{"taxonomy":"product_brand","embeddable":true,"href":"https:\/\/maisoncleo.com\/fr\/wp-json\/wp\/v2\/product_brand?post=363058"},{"taxonomy":"product_cat","embeddable":true,"href":"https:\/\/maisoncleo.com\/fr\/wp-json\/wp\/v2\/product_cat?post=363058"},{"taxonomy":"product_tag","embeddable":true,"href":"https:\/\/maisoncleo.com\/fr\/wp-json\/wp\/v2\/product_tag?post=363058"}],"curies":[{"name":"wp","href":"https:\/\/api.w.org\/{rel}","templated":true}]}}