{"id":363036,"date":"2024-09-10T01:06:32","date_gmt":"2024-09-10T14:42:36","guid":{"rendered":"https:\/\/maisoncleo.com\/\/?post_type=product&#038;p=363036"},"modified":"2024-09-10T21:14:00","modified_gmt":"2024-09-10T19:14:00","slug":"fw22-runway-look-7-chemise-marron-clair-en-velours-fleuri-delia","status":"publish","type":"product","link":"https:\/\/maisoncleo.com\/fr\/shop\/fw22-runway-look-7-chemise-marron-clair-en-velours-fleuri-delia\/","title":{"rendered":"FW22 RUNWAY LOOK 7 &#8211; Chemise marron clair en velours fleuri DELIA"},"content":{"rendered":"<p>Chemise marron clair en velours fleuri.\u00a0Manches 3\/4, petit col pointu, fermeture avec 5 boutons grav\u00e9 \u00ab\u00a0MaisonCl\u00e9o\u00a0\u00bb du m\u00eame ton, fentes et liens sur les c\u00f4t\u00e9s. 100% velours l\u00e9ger.<\/p>\n<p>LOOK 7 de notre d\u00e9fil\u00e9 automne hiver \u00ab\u00a0L&rsquo;Affranchie\u00a0\u00bb de septembre 2022.<\/p>\n<p>Le mod\u00e8le mesure 172 cm et porte une taille S-36.<\/p>\n<p>Nous pouvons faire 3 chemises dans ce tissu.<\/p>\n","protected":false},"excerpt":{"rendered":"<p>Chemise marron clair en velours fleuri.\u00a0Manches 3\/4, petit col pointu, fermeture avec 5 boutons grav\u00e9 \u00ab\u00a0MaisonCl\u00e9o\u00a0\u00bb du m\u00eame ton, fentes et liens&hellip;<\/p>\n","protected":false},"featured_media":344768,"template":"","meta":[],"product_brand":[],"product_cat":[663,671,674,661],"product_tag":[],"class_list":{"0":"post-363036","1":"product","2":"type-product","3":"status-publish","4":"has-post-thumbnail","6":"product_cat-blouses","7":"product_cat-defiles","8":"product_cat-tops","9":"product_cat-tout-voir","10":"pa_taille-l-40-2","11":"pa_taille-m-38-2","12":"pa_taille-s-36-2","13":"pa_taille-sur-mesure-fr-2","14":"pa_taille-xl-42-fr-2","15":"pa_taille-xs-34-2","17":"first","18":"outofstock","19":"taxable","20":"shipping-taxable","21":"purchasable","22":"product-type-variable"},"_links":{"self":[{"href":"https:\/\/maisoncleo.com\/fr\/wp-json\/wp\/v2\/product\/363036","targetHints":{"allow":["GET"]}}],"collection":[{"href":"https:\/\/maisoncleo.com\/fr\/wp-json\/wp\/v2\/product"}],"about":[{"href":"https:\/\/maisoncleo.com\/fr\/wp-json\/wp\/v2\/types\/product"}],"version-history":[{"count":1,"href":"https:\/\/maisoncleo.com\/fr\/wp-json\/wp\/v2\/product\/363036\/revisions"}],"predecessor-version":[{"id":363093,"href":"https:\/\/maisoncleo.com\/fr\/wp-json\/wp\/v2\/product\/363036\/revisions\/363093"}],"wp:featuredmedia":[{"embeddable":true,"href":"https:\/\/maisoncleo.com\/fr\/wp-json\/wp\/v2\/media\/344768"}],"wp:attachment":[{"href":"https:\/\/maisoncleo.com\/fr\/wp-json\/wp\/v2\/media?parent=363036"}],"wp:term":[{"taxonomy":"product_brand","embeddable":true,"href":"https:\/\/maisoncleo.com\/fr\/wp-json\/wp\/v2\/product_brand?post=363036"},{"taxonomy":"product_cat","embeddable":true,"href":"https:\/\/maisoncleo.com\/fr\/wp-json\/wp\/v2\/product_cat?post=363036"},{"taxonomy":"product_tag","embeddable":true,"href":"https:\/\/maisoncleo.com\/fr\/wp-json\/wp\/v2\/product_tag?post=363036"}],"curies":[{"name":"wp","href":"https:\/\/api.w.org\/{rel}","templated":true}]}}