{"id":363035,"date":"2024-09-10T01:06:32","date_gmt":"2024-09-10T14:42:36","guid":{"rendered":"https:\/\/maisoncleo.com\/\/?post_type=product&#038;p=363035"},"modified":"2024-09-10T21:13:57","modified_gmt":"2024-09-10T19:13:57","slug":"fw22-runway-look-7-jupe-mi-longue-en-velours-marron-fleurie-roxane","status":"publish","type":"product","link":"https:\/\/maisoncleo.com\/fr\/shop\/fw22-runway-look-7-jupe-mi-longue-en-velours-marron-fleurie-roxane\/","title":{"rendered":"FW22 RUNWAY LOOK 7 &#8211; Jupe mi-longue en velours marron fleurie ROXANE"},"content":{"rendered":"<p>Jupe mi-longue en velours marron fleurie.\u00a0Taille basse. Liens sur chaque c\u00f4t\u00e9. Fermeture \u00e9clair dans le dos. 100% velours l\u00e9ger.<\/p>\n<p>Comme tout est fait sur commande, vous pouvez demander la longueur que vous souhaitez et nous \u00e9crire un message pendant ou apr\u00e8s votre commande.<\/p>\n<p>Longueur standard \u00e0 plat : 48 cm.<\/p>\n<p>LOOK 7 de notre d\u00e9fil\u00e9 automne hiver \u00ab\u00a0L&rsquo;Affranchie\u00a0\u00bb de septembre 2022.<\/p>\n<p>La mod\u00e8le mesure 172 cm et porte une taille S-36.<\/p>\n<p>Nous pouvons faire une jupe dans ce tissu.<\/p>\n","protected":false},"excerpt":{"rendered":"<p>Jupe mi-longue en velours marron fleurie.\u00a0Taille basse. Liens sur chaque c\u00f4t\u00e9. Fermeture \u00e9clair dans le dos. 100% velours l\u00e9ger. Comme tout est&hellip;<\/p>\n","protected":false},"featured_media":344763,"template":"","meta":[],"product_brand":[],"product_cat":[671,672,661],"product_tag":[],"class_list":{"0":"post-363035","1":"product","2":"type-product","3":"status-publish","4":"has-post-thumbnail","6":"product_cat-defiles","7":"product_cat-jupes","8":"product_cat-tout-voir","9":"pa_taille-l-40-2","10":"pa_taille-m-38-2","11":"pa_taille-s-36-2","12":"pa_taille-sur-mesure-fr-2","13":"pa_taille-xl-42-fr-2","14":"pa_taille-xs-34-2","16":"first","17":"outofstock","18":"taxable","19":"shipping-taxable","20":"purchasable","21":"product-type-variable"},"_links":{"self":[{"href":"https:\/\/maisoncleo.com\/fr\/wp-json\/wp\/v2\/product\/363035","targetHints":{"allow":["GET"]}}],"collection":[{"href":"https:\/\/maisoncleo.com\/fr\/wp-json\/wp\/v2\/product"}],"about":[{"href":"https:\/\/maisoncleo.com\/fr\/wp-json\/wp\/v2\/types\/product"}],"version-history":[{"count":1,"href":"https:\/\/maisoncleo.com\/fr\/wp-json\/wp\/v2\/product\/363035\/revisions"}],"predecessor-version":[{"id":363056,"href":"https:\/\/maisoncleo.com\/fr\/wp-json\/wp\/v2\/product\/363035\/revisions\/363056"}],"wp:featuredmedia":[{"embeddable":true,"href":"https:\/\/maisoncleo.com\/fr\/wp-json\/wp\/v2\/media\/344763"}],"wp:attachment":[{"href":"https:\/\/maisoncleo.com\/fr\/wp-json\/wp\/v2\/media?parent=363035"}],"wp:term":[{"taxonomy":"product_brand","embeddable":true,"href":"https:\/\/maisoncleo.com\/fr\/wp-json\/wp\/v2\/product_brand?post=363035"},{"taxonomy":"product_cat","embeddable":true,"href":"https:\/\/maisoncleo.com\/fr\/wp-json\/wp\/v2\/product_cat?post=363035"},{"taxonomy":"product_tag","embeddable":true,"href":"https:\/\/maisoncleo.com\/fr\/wp-json\/wp\/v2\/product_tag?post=363035"}],"curies":[{"name":"wp","href":"https:\/\/api.w.org\/{rel}","templated":true}]}}