{"id":363008,"date":"2024-09-10T01:02:46","date_gmt":"2024-09-10T14:41:47","guid":{"rendered":"https:\/\/maisoncleo.com\/\/?post_type=product&#038;p=363008"},"modified":"2024-09-10T21:13:51","modified_gmt":"2024-09-10T19:13:51","slug":"fw22-runway-look-4-mini-robe-motif-roses-rouges-en-mesh-a-volants-marla","status":"publish","type":"product","link":"https:\/\/maisoncleo.com\/fr\/shop\/fw22-runway-look-4-mini-robe-motif-roses-rouges-en-mesh-a-volants-marla\/","title":{"rendered":"FW22 RUNWAY LOOK 4 &#8211; Mini robe motif roses rouges en mesh \u00e0 volants MARLA"},"content":{"rendered":"<p>Mini robe motif roses rouges en mesh \u00e0 volants.<\/p>\n<p>Tissu mesh \u00e0 roses rouges en collaboration avec l&rsquo;artiste peintre belge Stevie Dix. Design unique!<\/p>\n<p>Veuillez noter la possibilit\u00e9 d&rsquo;ajouter une doublure en mesh. Il n&rsquo;y avait pas de doublure sur la photo du d\u00e9fil\u00e9.<\/p>\n<p>LOOK 4 de notre d\u00e9fil\u00e9 automne hiver \u00ab\u00a0L&rsquo;Affranchie\u00a0\u00bb de septembre 2022.<\/p>\n<p>La mod\u00e8le mesure 172 cm et porte une taille S-36.<\/p>\n","protected":false},"excerpt":{"rendered":"<p>Mini robe motif roses rouges en mesh \u00e0 volants. Tissu mesh \u00e0 roses rouges en collaboration avec l&rsquo;artiste peintre belge Stevie Dix.&hellip;<\/p>\n","protected":false},"featured_media":344697,"template":"","meta":[],"product_brand":[],"product_cat":[671,664,661],"product_tag":[],"class_list":{"0":"post-363008","1":"product","2":"type-product","3":"status-publish","4":"has-post-thumbnail","6":"product_cat-defiles","7":"product_cat-robes","8":"product_cat-tout-voir","9":"pa_taille-l-40-2","10":"pa_taille-m-38-2","11":"pa_taille-s-36-2","12":"pa_taille-sur-mesure-fr-2","13":"pa_taille-xl-42-fr-2","14":"pa_taille-xs-34-2","16":"first","17":"outofstock","18":"taxable","19":"shipping-taxable","20":"purchasable","21":"product-type-variable"},"_links":{"self":[{"href":"https:\/\/maisoncleo.com\/fr\/wp-json\/wp\/v2\/product\/363008","targetHints":{"allow":["GET"]}}],"collection":[{"href":"https:\/\/maisoncleo.com\/fr\/wp-json\/wp\/v2\/product"}],"about":[{"href":"https:\/\/maisoncleo.com\/fr\/wp-json\/wp\/v2\/types\/product"}],"version-history":[{"count":1,"href":"https:\/\/maisoncleo.com\/fr\/wp-json\/wp\/v2\/product\/363008\/revisions"}],"predecessor-version":[{"id":363028,"href":"https:\/\/maisoncleo.com\/fr\/wp-json\/wp\/v2\/product\/363008\/revisions\/363028"}],"wp:featuredmedia":[{"embeddable":true,"href":"https:\/\/maisoncleo.com\/fr\/wp-json\/wp\/v2\/media\/344697"}],"wp:attachment":[{"href":"https:\/\/maisoncleo.com\/fr\/wp-json\/wp\/v2\/media?parent=363008"}],"wp:term":[{"taxonomy":"product_brand","embeddable":true,"href":"https:\/\/maisoncleo.com\/fr\/wp-json\/wp\/v2\/product_brand?post=363008"},{"taxonomy":"product_cat","embeddable":true,"href":"https:\/\/maisoncleo.com\/fr\/wp-json\/wp\/v2\/product_cat?post=363008"},{"taxonomy":"product_tag","embeddable":true,"href":"https:\/\/maisoncleo.com\/fr\/wp-json\/wp\/v2\/product_tag?post=363008"}],"curies":[{"name":"wp","href":"https:\/\/api.w.org\/{rel}","templated":true}]}}