{"id":362973,"date":"2024-09-10T01:01:42","date_gmt":"2024-09-10T14:40:49","guid":{"rendered":"https:\/\/maisoncleo.com\/\/?post_type=product&#038;p=362973"},"modified":"2024-09-10T21:15:03","modified_gmt":"2024-09-10T19:15:03","slug":"fw22-runway-look-3-sac-baguette-en-faux-cuir-vieilli-marron-emmanuelle","status":"publish","type":"product","link":"https:\/\/maisoncleo.com\/fr\/shop\/fw22-runway-look-3-sac-baguette-en-faux-cuir-vieilli-marron-emmanuelle\/","title":{"rendered":"FW22 RUNWAY LOOK 3 &#8211; Sac baguette en faux cuir vieilli marron EMMANUELLE"},"content":{"rendered":"<p>Sac baguette en faux cuir vieilli brun fonc\u00e9. Petite anse. Fermeture zipp\u00e9e, mini poche \u00e0 l&rsquo;int\u00e9rieur, enti\u00e8rement doubl\u00e9e de tissu trench marron \u00e0 carreaux \u00e9cossais. Liens en satin sur les c\u00f4t\u00e9s, boucle arrondie vintage deadstock marron.<\/p>\n<p>Hauteur de la hanse : 20 cm<\/p>\n<p>Longueur de la fermeture \u00e9clair : 17 cm<\/p>\n<p>LOOK 3 de notre d\u00e9fil\u00e9 de septembre 2022 \u00ab\u00a0L&rsquo;Affranchie\u00a0\u00bb.<\/p>\n<p>Notre sac baguette mignon pr\u00e9f\u00e9r\u00e9 &lt;3<\/p>\n","protected":false},"excerpt":{"rendered":"<p>Sac baguette en faux cuir vieilli brun fonc\u00e9. Petite anse. Fermeture zipp\u00e9e, mini poche \u00e0 l&rsquo;int\u00e9rieur, enti\u00e8rement doubl\u00e9e de tissu trench marron&hellip;<\/p>\n","protected":false},"featured_media":344631,"template":"","meta":[],"product_brand":[],"product_cat":[651,671,652,661],"product_tag":[],"class_list":{"0":"post-362973","1":"product","2":"type-product","3":"status-publish","4":"has-post-thumbnail","6":"product_cat-accessoires","7":"product_cat-defiles","8":"product_cat-sacs","9":"product_cat-tout-voir","10":"pa_taille-taille-unique-2","12":"first","13":"instock","14":"taxable","15":"shipping-taxable","16":"purchasable","17":"product-type-variable"},"_links":{"self":[{"href":"https:\/\/maisoncleo.com\/fr\/wp-json\/wp\/v2\/product\/362973","targetHints":{"allow":["GET"]}}],"collection":[{"href":"https:\/\/maisoncleo.com\/fr\/wp-json\/wp\/v2\/product"}],"about":[{"href":"https:\/\/maisoncleo.com\/fr\/wp-json\/wp\/v2\/types\/product"}],"version-history":[{"count":1,"href":"https:\/\/maisoncleo.com\/fr\/wp-json\/wp\/v2\/product\/362973\/revisions"}],"predecessor-version":[{"id":363456,"href":"https:\/\/maisoncleo.com\/fr\/wp-json\/wp\/v2\/product\/362973\/revisions\/363456"}],"wp:featuredmedia":[{"embeddable":true,"href":"https:\/\/maisoncleo.com\/fr\/wp-json\/wp\/v2\/media\/344631"}],"wp:attachment":[{"href":"https:\/\/maisoncleo.com\/fr\/wp-json\/wp\/v2\/media?parent=362973"}],"wp:term":[{"taxonomy":"product_brand","embeddable":true,"href":"https:\/\/maisoncleo.com\/fr\/wp-json\/wp\/v2\/product_brand?post=362973"},{"taxonomy":"product_cat","embeddable":true,"href":"https:\/\/maisoncleo.com\/fr\/wp-json\/wp\/v2\/product_cat?post=362973"},{"taxonomy":"product_tag","embeddable":true,"href":"https:\/\/maisoncleo.com\/fr\/wp-json\/wp\/v2\/product_tag?post=362973"}],"curies":[{"name":"wp","href":"https:\/\/api.w.org\/{rel}","templated":true}]}}