{"id":362972,"date":"2024-09-10T01:01:42","date_gmt":"2024-09-10T14:40:49","guid":{"rendered":"https:\/\/maisoncleo.com\/\/?post_type=product&#038;p=362972"},"modified":"2024-09-10T21:13:47","modified_gmt":"2024-09-10T19:13:47","slug":"fw22-runway-look-3-mini-jupe-plissee-en-faux-cuir-vieilli-marron-nami","status":"publish","type":"product","link":"https:\/\/maisoncleo.com\/fr\/shop\/fw22-runway-look-3-mini-jupe-plissee-en-faux-cuir-vieilli-marron-nami\/","title":{"rendered":"FW22 RUNWAY LOOK 3 &#8211; Mini jupe pliss\u00e9e en faux cuir vieilli marron NAMI"},"content":{"rendered":"<p>Mini-jupe pliss\u00e9e en faux cuir vieilli marron fonc\u00e9.\u00a0Taille haute. Ceinture avec passants. Fermeture \u00e9clair et bouton dans le dos. Faux cuir vieilli. Mati\u00e8re douce et l\u00e9g\u00e8rement brillante.<\/p>\n<p>LOOK 3 de notre d\u00e9fil\u00e9 automne hiver \u00ab\u00a0L&rsquo;Affranchie\u00a0\u00bb de septembre 2022.<\/p>\n<p>La mod\u00e8le mesure 172 cm et porte une taille S-36.<\/p>\n","protected":false},"excerpt":{"rendered":"<p>Mini-jupe pliss\u00e9e en faux cuir vieilli marron fonc\u00e9.\u00a0Taille haute. Ceinture avec passants. Fermeture \u00e9clair et bouton dans le dos. Faux cuir vieilli.&hellip;<\/p>\n","protected":false},"featured_media":344622,"template":"","meta":[],"product_brand":[],"product_cat":[672,661],"product_tag":[],"class_list":{"0":"post-362972","1":"product","2":"type-product","3":"status-publish","4":"has-post-thumbnail","6":"product_cat-jupes","7":"product_cat-tout-voir","8":"pa_taille-l-40-2","9":"pa_taille-m-38-2","10":"pa_taille-s-36-2","11":"pa_taille-sur-mesure-fr-2","12":"pa_taille-xl-42-fr-2","13":"pa_taille-xs-34-2","15":"first","16":"instock","17":"taxable","18":"shipping-taxable","19":"purchasable","20":"product-type-variable"},"_links":{"self":[{"href":"https:\/\/maisoncleo.com\/fr\/wp-json\/wp\/v2\/product\/362972","targetHints":{"allow":["GET"]}}],"collection":[{"href":"https:\/\/maisoncleo.com\/fr\/wp-json\/wp\/v2\/product"}],"about":[{"href":"https:\/\/maisoncleo.com\/fr\/wp-json\/wp\/v2\/types\/product"}],"version-history":[{"count":1,"href":"https:\/\/maisoncleo.com\/fr\/wp-json\/wp\/v2\/product\/362972\/revisions"}],"predecessor-version":[{"id":363009,"href":"https:\/\/maisoncleo.com\/fr\/wp-json\/wp\/v2\/product\/362972\/revisions\/363009"}],"wp:featuredmedia":[{"embeddable":true,"href":"https:\/\/maisoncleo.com\/fr\/wp-json\/wp\/v2\/media\/344622"}],"wp:attachment":[{"href":"https:\/\/maisoncleo.com\/fr\/wp-json\/wp\/v2\/media?parent=362972"}],"wp:term":[{"taxonomy":"product_brand","embeddable":true,"href":"https:\/\/maisoncleo.com\/fr\/wp-json\/wp\/v2\/product_brand?post=362972"},{"taxonomy":"product_cat","embeddable":true,"href":"https:\/\/maisoncleo.com\/fr\/wp-json\/wp\/v2\/product_cat?post=362972"},{"taxonomy":"product_tag","embeddable":true,"href":"https:\/\/maisoncleo.com\/fr\/wp-json\/wp\/v2\/product_tag?post=362972"}],"curies":[{"name":"wp","href":"https:\/\/api.w.org\/{rel}","templated":true}]}}