{"id":362959,"date":"2024-09-10T01:01:41","date_gmt":"2024-09-10T14:40:48","guid":{"rendered":"https:\/\/maisoncleo.com\/\/?post_type=product&#038;p=362959"},"modified":"2024-09-10T21:13:46","modified_gmt":"2024-09-10T19:13:46","slug":"fw22-runway-look-1-mini-jupe-en-faux-cuir-vieilli-marron-jade","status":"publish","type":"product","link":"https:\/\/maisoncleo.com\/fr\/shop\/fw22-runway-look-1-mini-jupe-en-faux-cuir-vieilli-marron-jade\/","title":{"rendered":"FW22 RUNWAY LOOK 1 &#8211; Mini jupe en faux cuir vieilli marron JADE"},"content":{"rendered":"<p>Mini jupe marron fonc\u00e9 en faux cuir vieilli. Mati\u00e8re douce et l\u00e9g\u00e8rement brillante.<\/p>\n<p>Taille basse.\u00a0Fermeture \u00e9clair dans le dos.<\/p>\n<p>LOOK 1 de notre d\u00e9fil\u00e9 automne hiver \u00ab\u00a0L&rsquo;Affranchie\u00a0\u00bb de septembre 2022.<\/p>\n<p>La mod\u00e8le mesure 172 cm et porte une taille S-36.<\/p>\n","protected":false},"excerpt":{"rendered":"<p>Mini jupe marron fonc\u00e9 en faux cuir vieilli. Mati\u00e8re douce et l\u00e9g\u00e8rement brillante. Taille basse.\u00a0Fermeture \u00e9clair dans le dos. LOOK 1 de&hellip;<\/p>\n","protected":false},"featured_media":344584,"template":"","meta":[],"product_brand":[],"product_cat":[671,672,661],"product_tag":[],"class_list":{"0":"post-362959","1":"product","2":"type-product","3":"status-publish","4":"has-post-thumbnail","6":"product_cat-defiles","7":"product_cat-jupes","8":"product_cat-tout-voir","9":"pa_taille-l-40-2","10":"pa_taille-m-38-2","11":"pa_taille-s-36-2","12":"pa_taille-sur-mesure-fr-2","13":"pa_taille-xl-42-fr-2","14":"pa_taille-xs-34-2","16":"first","17":"outofstock","18":"taxable","19":"shipping-taxable","20":"purchasable","21":"product-type-variable"},"_links":{"self":[{"href":"https:\/\/maisoncleo.com\/fr\/wp-json\/wp\/v2\/product\/362959","targetHints":{"allow":["GET"]}}],"collection":[{"href":"https:\/\/maisoncleo.com\/fr\/wp-json\/wp\/v2\/product"}],"about":[{"href":"https:\/\/maisoncleo.com\/fr\/wp-json\/wp\/v2\/types\/product"}],"version-history":[{"count":1,"href":"https:\/\/maisoncleo.com\/fr\/wp-json\/wp\/v2\/product\/362959\/revisions"}],"predecessor-version":[{"id":363005,"href":"https:\/\/maisoncleo.com\/fr\/wp-json\/wp\/v2\/product\/362959\/revisions\/363005"}],"wp:featuredmedia":[{"embeddable":true,"href":"https:\/\/maisoncleo.com\/fr\/wp-json\/wp\/v2\/media\/344584"}],"wp:attachment":[{"href":"https:\/\/maisoncleo.com\/fr\/wp-json\/wp\/v2\/media?parent=362959"}],"wp:term":[{"taxonomy":"product_brand","embeddable":true,"href":"https:\/\/maisoncleo.com\/fr\/wp-json\/wp\/v2\/product_brand?post=362959"},{"taxonomy":"product_cat","embeddable":true,"href":"https:\/\/maisoncleo.com\/fr\/wp-json\/wp\/v2\/product_cat?post=362959"},{"taxonomy":"product_tag","embeddable":true,"href":"https:\/\/maisoncleo.com\/fr\/wp-json\/wp\/v2\/product_tag?post=362959"}],"curies":[{"name":"wp","href":"https:\/\/api.w.org\/{rel}","templated":true}]}}