{"id":362804,"date":"2024-09-10T00:51:35","date_gmt":"2024-09-09T22:51:35","guid":{"rendered":"https:\/\/maisoncleo.com\/\/?post_type=product&#038;p=362804"},"modified":"2024-09-10T21:13:31","modified_gmt":"2024-09-10T19:13:31","slug":"robe-tube-beige-en-jersey-fines-bretelles","status":"publish","type":"product","link":"https:\/\/maisoncleo.com\/fr\/shop\/robe-tube-beige-en-jersey-fines-bretelles\/","title":{"rendered":"Robe tube beige en jersey fines bretelles"},"content":{"rendered":"<p>Robe tube beige en jersey. Bretelles fines en diagonale. Tissu tr\u00e8s l\u00e9g\u00e8rement transparent, textur\u00e9 et fluide en m\u00eame temps.<\/p>\n<p>La mod\u00e8le mesure 1m80 et porte une taille 36.<\/p>\n","protected":false},"excerpt":{"rendered":"<p>Robe tube beige en jersey. Bretelles fines en diagonale. Tissu tr\u00e8s l\u00e9g\u00e8rement transparent, textur\u00e9 et fluide en m\u00eame temps. La mod\u00e8le mesure&hellip;<\/p>\n","protected":false},"featured_media":344356,"template":"","meta":[],"product_brand":[],"product_cat":[667,664,661],"product_tag":[],"class_list":{"0":"post-362804","1":"product","2":"type-product","3":"status-publish","4":"has-post-thumbnail","6":"product_cat-dernieres-pieces","7":"product_cat-robes","8":"product_cat-tout-voir","9":"pa_taille-l-40-2","10":"pa_taille-m-38-2","11":"pa_taille-s-36-2","12":"pa_taille-sur-mesure-fr-2","13":"pa_taille-xl-42-fr-2","14":"pa_taille-xs-34-2","16":"first","17":"outofstock","18":"taxable","19":"shipping-taxable","20":"purchasable","21":"product-type-variable"},"_links":{"self":[{"href":"https:\/\/maisoncleo.com\/fr\/wp-json\/wp\/v2\/product\/362804","targetHints":{"allow":["GET"]}}],"collection":[{"href":"https:\/\/maisoncleo.com\/fr\/wp-json\/wp\/v2\/product"}],"about":[{"href":"https:\/\/maisoncleo.com\/fr\/wp-json\/wp\/v2\/types\/product"}],"version-history":[{"count":1,"href":"https:\/\/maisoncleo.com\/fr\/wp-json\/wp\/v2\/product\/362804\/revisions"}],"predecessor-version":[{"id":362824,"href":"https:\/\/maisoncleo.com\/fr\/wp-json\/wp\/v2\/product\/362804\/revisions\/362824"}],"wp:featuredmedia":[{"embeddable":true,"href":"https:\/\/maisoncleo.com\/fr\/wp-json\/wp\/v2\/media\/344356"}],"wp:attachment":[{"href":"https:\/\/maisoncleo.com\/fr\/wp-json\/wp\/v2\/media?parent=362804"}],"wp:term":[{"taxonomy":"product_brand","embeddable":true,"href":"https:\/\/maisoncleo.com\/fr\/wp-json\/wp\/v2\/product_brand?post=362804"},{"taxonomy":"product_cat","embeddable":true,"href":"https:\/\/maisoncleo.com\/fr\/wp-json\/wp\/v2\/product_cat?post=362804"},{"taxonomy":"product_tag","embeddable":true,"href":"https:\/\/maisoncleo.com\/fr\/wp-json\/wp\/v2\/product_tag?post=362804"}],"curies":[{"name":"wp","href":"https:\/\/api.w.org\/{rel}","templated":true}]}}