{"id":362796,"date":"2024-09-10T00:50:13","date_gmt":"2024-09-10T14:36:11","guid":{"rendered":"https:\/\/maisoncleo.com\/\/?post_type=product&#038;p=362796"},"modified":"2024-09-10T21:13:28","modified_gmt":"2024-09-10T19:13:28","slug":"jupe-sirene-en-dentelle-de-luxe-ivoire-irisee-de-calais","status":"publish","type":"product","link":"https:\/\/maisoncleo.com\/fr\/shop\/jupe-sirene-en-dentelle-de-luxe-ivoire-irisee-de-calais\/","title":{"rendered":"Jupe sir\u00e8ne en dentelle de luxe ivoire iris\u00e9e de Calais"},"content":{"rendered":"<p id=\"tw-target-text\" class=\"tw-data-text tw-text-large tw-ta\" dir=\"ltr\" data-placeholder=\"Traduction\">Jupe sir\u00e8ne en dentelle de luxe ivoire iris\u00e9e de Calais, mi-longue. Sublime dentelle unique.<\/p>\n<p class=\"tw-data-text tw-text-large tw-ta\" dir=\"ltr\" data-placeholder=\"Traduction\"><span class=\"Y2IQFc\" lang=\"fr\">La mod\u00e8le mesure 1m80 et porte une taille S-36.<\/span><\/p>\n","protected":false},"excerpt":{"rendered":"<p>Jupe sir\u00e8ne en dentelle de luxe ivoire iris\u00e9e de Calais, mi-longue. Sublime dentelle unique. La mod\u00e8le mesure 1m80 et porte une taille&hellip;<\/p>\n","protected":false},"featured_media":344302,"template":"","meta":[],"product_brand":[],"product_cat":[667,672,661],"product_tag":[],"class_list":{"0":"post-362796","1":"product","2":"type-product","3":"status-publish","4":"has-post-thumbnail","6":"product_cat-dernieres-pieces","7":"product_cat-jupes","8":"product_cat-tout-voir","9":"pa_taille-l-40-2","10":"pa_taille-m-38-2","11":"pa_taille-s-36-2","12":"pa_taille-sur-mesure-fr-2","13":"pa_taille-xl-42-fr-2","14":"pa_taille-xs-34-2","16":"first","17":"outofstock","18":"taxable","19":"shipping-taxable","20":"purchasable","21":"product-type-variable"},"_links":{"self":[{"href":"https:\/\/maisoncleo.com\/fr\/wp-json\/wp\/v2\/product\/362796","targetHints":{"allow":["GET"]}}],"collection":[{"href":"https:\/\/maisoncleo.com\/fr\/wp-json\/wp\/v2\/product"}],"about":[{"href":"https:\/\/maisoncleo.com\/fr\/wp-json\/wp\/v2\/types\/product"}],"version-history":[{"count":1,"href":"https:\/\/maisoncleo.com\/fr\/wp-json\/wp\/v2\/product\/362796\/revisions"}],"predecessor-version":[{"id":362822,"href":"https:\/\/maisoncleo.com\/fr\/wp-json\/wp\/v2\/product\/362796\/revisions\/362822"}],"wp:featuredmedia":[{"embeddable":true,"href":"https:\/\/maisoncleo.com\/fr\/wp-json\/wp\/v2\/media\/344302"}],"wp:attachment":[{"href":"https:\/\/maisoncleo.com\/fr\/wp-json\/wp\/v2\/media?parent=362796"}],"wp:term":[{"taxonomy":"product_brand","embeddable":true,"href":"https:\/\/maisoncleo.com\/fr\/wp-json\/wp\/v2\/product_brand?post=362796"},{"taxonomy":"product_cat","embeddable":true,"href":"https:\/\/maisoncleo.com\/fr\/wp-json\/wp\/v2\/product_cat?post=362796"},{"taxonomy":"product_tag","embeddable":true,"href":"https:\/\/maisoncleo.com\/fr\/wp-json\/wp\/v2\/product_tag?post=362796"}],"curies":[{"name":"wp","href":"https:\/\/api.w.org\/{rel}","templated":true}]}}