{"id":362788,"date":"2024-09-10T00:50:12","date_gmt":"2024-09-10T14:36:10","guid":{"rendered":"https:\/\/maisoncleo.com\/\/?post_type=product&#038;p=362788"},"modified":"2024-09-10T21:13:27","modified_gmt":"2024-09-10T19:13:27","slug":"blouse-en-dentelle-de-calais-de-luxe-satinee-avec-manches-cloches","status":"publish","type":"product","link":"https:\/\/maisoncleo.com\/fr\/shop\/blouse-en-dentelle-de-calais-de-luxe-satinee-avec-manches-cloches\/","title":{"rendered":"Blouse en dentelle de Calais de luxe satin\u00e9e avec manches cloches"},"content":{"rendered":"<p>Blouse en dentelle de Calais de luxe ivoire l\u00e9g\u00e8rement iris\u00e9 avec manches cloches, un coeur transparent bouton sur le milieu. Unique dentelle de qualit\u00e9 haute couture.<\/p>\n<p>La mod\u00e8le mesure 1m80 et porte une taille S-36.<\/p>\n","protected":false},"excerpt":{"rendered":"<p>Blouse en dentelle de Calais de luxe ivoire l\u00e9g\u00e8rement iris\u00e9 avec manches cloches, un coeur transparent bouton sur le milieu. Unique dentelle&hellip;<\/p>\n","protected":false},"featured_media":344283,"template":"","meta":[],"product_brand":[],"product_cat":[663,667,674,661],"product_tag":[],"class_list":{"0":"post-362788","1":"product","2":"type-product","3":"status-publish","4":"has-post-thumbnail","6":"product_cat-blouses","7":"product_cat-dernieres-pieces","8":"product_cat-tops","9":"product_cat-tout-voir","10":"pa_taille-l-40-2","11":"pa_taille-m-38-2","12":"pa_taille-s-36-2","13":"pa_taille-sur-mesure-fr-2","14":"pa_taille-xl-42-fr-2","15":"pa_taille-xs-34-2","17":"first","18":"outofstock","19":"taxable","20":"shipping-taxable","21":"purchasable","22":"product-type-variable"},"_links":{"self":[{"href":"https:\/\/maisoncleo.com\/fr\/wp-json\/wp\/v2\/product\/362788","targetHints":{"allow":["GET"]}}],"collection":[{"href":"https:\/\/maisoncleo.com\/fr\/wp-json\/wp\/v2\/product"}],"about":[{"href":"https:\/\/maisoncleo.com\/fr\/wp-json\/wp\/v2\/types\/product"}],"version-history":[{"count":1,"href":"https:\/\/maisoncleo.com\/fr\/wp-json\/wp\/v2\/product\/362788\/revisions"}],"predecessor-version":[{"id":362811,"href":"https:\/\/maisoncleo.com\/fr\/wp-json\/wp\/v2\/product\/362788\/revisions\/362811"}],"wp:featuredmedia":[{"embeddable":true,"href":"https:\/\/maisoncleo.com\/fr\/wp-json\/wp\/v2\/media\/344283"}],"wp:attachment":[{"href":"https:\/\/maisoncleo.com\/fr\/wp-json\/wp\/v2\/media?parent=362788"}],"wp:term":[{"taxonomy":"product_brand","embeddable":true,"href":"https:\/\/maisoncleo.com\/fr\/wp-json\/wp\/v2\/product_brand?post=362788"},{"taxonomy":"product_cat","embeddable":true,"href":"https:\/\/maisoncleo.com\/fr\/wp-json\/wp\/v2\/product_cat?post=362788"},{"taxonomy":"product_tag","embeddable":true,"href":"https:\/\/maisoncleo.com\/fr\/wp-json\/wp\/v2\/product_tag?post=362788"}],"curies":[{"name":"wp","href":"https:\/\/api.w.org\/{rel}","templated":true}]}}