{"id":362779,"date":"2024-09-10T00:48:42","date_gmt":"2024-09-10T14:35:49","guid":{"rendered":"https:\/\/maisoncleo.com\/\/?post_type=product&#038;p=362779"},"modified":"2024-09-10T21:13:26","modified_gmt":"2024-09-10T19:13:26","slug":"ss22-runway-look-8-bikini-triangle-rose-fuchsia-avec-pendant-swarovski","status":"publish","type":"product","link":"https:\/\/maisoncleo.com\/fr\/shop\/ss22-runway-look-8-bikini-triangle-rose-fuchsia-avec-pendant-swarovski\/","title":{"rendered":"SS22 RUNWAY LOOK 8 \u2013 Bikini triangle rose fuchsia avec pendant Swarovski"},"content":{"rendered":"<p>Bikini triangle rose fuchsia, petit pendentif c\u0153ur Swarovski sur le devant, liens blancs \u00e0 ajuster autour de la taille et du cou. Je souhaitais notre premi\u00e8re ligne de maillots de bain du m\u00eame tissu que mes maillots vintage des ann\u00e9es 80, en coton! &lt;3 96% coton, 4% \u00e9lasthanne.<\/p>\n<p>LOOK 8 issu de notre premier d\u00e9fil\u00e9 \u00ab\u00a0Premi\u00e8re Fois\u00a0\u00bb en mars 2022.<\/p>\n<p>La mod\u00e8le mesure 1m80 et porte une taille S-36.<\/p>\n","protected":false},"excerpt":{"rendered":"<p>Bikini triangle rose fuchsia, petit pendentif c\u0153ur Swarovski sur le devant, liens blancs \u00e0 ajuster autour de la taille et du cou.&hellip;<\/p>\n","protected":false},"featured_media":343119,"template":"","meta":[],"product_brand":[],"product_cat":[671,667,673,661],"product_tag":[],"class_list":{"0":"post-362779","1":"product","2":"type-product","3":"status-publish","4":"has-post-thumbnail","6":"product_cat-defiles","7":"product_cat-dernieres-pieces","8":"product_cat-maillots-de-bain","9":"product_cat-tout-voir","10":"pa_taille-l-40-2","11":"pa_taille-m-38-2","12":"pa_taille-s-36-2","13":"pa_taille-sur-mesure-fr-2","14":"pa_taille-xl-42-fr-2","15":"pa_taille-xs-34-2","17":"first","18":"instock","19":"taxable","20":"shipping-taxable","21":"purchasable","22":"product-type-variable"},"_links":{"self":[{"href":"https:\/\/maisoncleo.com\/fr\/wp-json\/wp\/v2\/product\/362779","targetHints":{"allow":["GET"]}}],"collection":[{"href":"https:\/\/maisoncleo.com\/fr\/wp-json\/wp\/v2\/product"}],"about":[{"href":"https:\/\/maisoncleo.com\/fr\/wp-json\/wp\/v2\/types\/product"}],"version-history":[{"count":1,"href":"https:\/\/maisoncleo.com\/fr\/wp-json\/wp\/v2\/product\/362779\/revisions"}],"predecessor-version":[{"id":362799,"href":"https:\/\/maisoncleo.com\/fr\/wp-json\/wp\/v2\/product\/362779\/revisions\/362799"}],"wp:featuredmedia":[{"embeddable":true,"href":"https:\/\/maisoncleo.com\/fr\/wp-json\/wp\/v2\/media\/343119"}],"wp:attachment":[{"href":"https:\/\/maisoncleo.com\/fr\/wp-json\/wp\/v2\/media?parent=362779"}],"wp:term":[{"taxonomy":"product_brand","embeddable":true,"href":"https:\/\/maisoncleo.com\/fr\/wp-json\/wp\/v2\/product_brand?post=362779"},{"taxonomy":"product_cat","embeddable":true,"href":"https:\/\/maisoncleo.com\/fr\/wp-json\/wp\/v2\/product_cat?post=362779"},{"taxonomy":"product_tag","embeddable":true,"href":"https:\/\/maisoncleo.com\/fr\/wp-json\/wp\/v2\/product_tag?post=362779"}],"curies":[{"name":"wp","href":"https:\/\/api.w.org\/{rel}","templated":true}]}}