{"id":362760,"date":"2024-09-10T00:46:41","date_gmt":"2024-09-10T14:35:27","guid":{"rendered":"https:\/\/maisoncleo.com\/\/?post_type=product&#038;p=362760"},"modified":"2024-09-10T21:13:38","modified_gmt":"2024-09-10T19:13:38","slug":"mini-jupe-tricotee-jaune-multicolore-candice","status":"publish","type":"product","link":"https:\/\/maisoncleo.com\/fr\/shop\/mini-jupe-tricotee-jaune-multicolore-candice\/","title":{"rendered":"Mini jupe tricot\u00e9e jaune multicolore CANDICE"},"content":{"rendered":"<p>Mini jupe tricot\u00e9e jaune multicolore fait avec des fils compos\u00e9s de 80% coton et 20% cachemire. M\u00e9lange de lignes de couleurs jaune, rose, \u00e9crue et vert qui lui font ressembler \u00e0 un petit bonbon. Elastiqu\u00e9e \u00e0 la taille.<\/p>\n<p>Fabriqu\u00e9e \u00e0 la commande. Notre tricoteuse a besoin de 2 heures pour en faire une. La mini \u00e0 porter en toute occasion cet \u00e9t\u00e9 \ud83d\ude09<\/p>\n<p>La mannequin mesure 1,80m et porte une taille 36.<\/p>\n","protected":false},"excerpt":{"rendered":"<p>Mini jupe tricot\u00e9e jaune multicolore fait avec des fils compos\u00e9s de 80% coton et 20% cachemire. M\u00e9lange de lignes de couleurs jaune,&hellip;<\/p>\n","protected":false},"featured_media":344449,"template":"","meta":[],"product_brand":[],"product_cat":[667,672,666,661],"product_tag":[],"class_list":{"0":"post-362760","1":"product","2":"type-product","3":"status-publish","4":"has-post-thumbnail","6":"product_cat-dernieres-pieces","7":"product_cat-jupes","8":"product_cat-mailles","9":"product_cat-tout-voir","10":"pa_taille-l-40-2","11":"pa_taille-m-38-2","12":"pa_taille-s-36-2","13":"pa_taille-sur-mesure-fr-2","14":"pa_taille-xl-42-fr-2","15":"pa_taille-xs-34-2","17":"first","18":"outofstock","19":"taxable","20":"shipping-taxable","21":"purchasable","22":"product-type-variable"},"_links":{"self":[{"href":"https:\/\/maisoncleo.com\/fr\/wp-json\/wp\/v2\/product\/362760","targetHints":{"allow":["GET"]}}],"collection":[{"href":"https:\/\/maisoncleo.com\/fr\/wp-json\/wp\/v2\/product"}],"about":[{"href":"https:\/\/maisoncleo.com\/fr\/wp-json\/wp\/v2\/types\/product"}],"version-history":[{"count":1,"href":"https:\/\/maisoncleo.com\/fr\/wp-json\/wp\/v2\/product\/362760\/revisions"}],"predecessor-version":[{"id":362888,"href":"https:\/\/maisoncleo.com\/fr\/wp-json\/wp\/v2\/product\/362760\/revisions\/362888"}],"wp:featuredmedia":[{"embeddable":true,"href":"https:\/\/maisoncleo.com\/fr\/wp-json\/wp\/v2\/media\/344449"}],"wp:attachment":[{"href":"https:\/\/maisoncleo.com\/fr\/wp-json\/wp\/v2\/media?parent=362760"}],"wp:term":[{"taxonomy":"product_brand","embeddable":true,"href":"https:\/\/maisoncleo.com\/fr\/wp-json\/wp\/v2\/product_brand?post=362760"},{"taxonomy":"product_cat","embeddable":true,"href":"https:\/\/maisoncleo.com\/fr\/wp-json\/wp\/v2\/product_cat?post=362760"},{"taxonomy":"product_tag","embeddable":true,"href":"https:\/\/maisoncleo.com\/fr\/wp-json\/wp\/v2\/product_tag?post=362760"}],"curies":[{"name":"wp","href":"https:\/\/api.w.org\/{rel}","templated":true}]}}