{"id":362742,"date":"2024-09-10T00:44:48","date_gmt":"2024-09-10T14:34:40","guid":{"rendered":"https:\/\/maisoncleo.com\/\/?post_type=product&#038;p=362742"},"modified":"2024-09-10T21:13:23","modified_gmt":"2024-09-10T19:13:23","slug":"pareo-de-plage-imprime-motif-marron-et-ecru","status":"publish","type":"product","link":"https:\/\/maisoncleo.com\/fr\/shop\/pareo-de-plage-imprime-motif-marron-et-ecru\/","title":{"rendered":"Par\u00e9o de plage imprim\u00e9 motif marron et \u00e9cru"},"content":{"rendered":"<p>Par\u00e9o de plage imprim\u00e9 motif marron et \u00e9cru, \u00e0 nouer autour de la taille.<\/p>\n<p>La mod\u00e8le mesure 1m76 et porte une taille 38.<\/p>\n","protected":false},"excerpt":{"rendered":"<p>Par\u00e9o de plage imprim\u00e9 motif marron et \u00e9cru, \u00e0 nouer autour de la taille. La mod\u00e8le mesure 1m76 et porte une taille&hellip;<\/p>\n","protected":false},"featured_media":344180,"template":"","meta":[],"product_brand":[],"product_cat":[667,673,661],"product_tag":[],"class_list":{"0":"post-362742","1":"product","2":"type-product","3":"status-publish","4":"has-post-thumbnail","6":"product_cat-dernieres-pieces","7":"product_cat-maillots-de-bain","8":"product_cat-tout-voir","9":"pa_taille-l-40-2","10":"pa_taille-m-38-2","11":"pa_taille-s-36-2","12":"pa_taille-sur-mesure-fr-2","13":"pa_taille-xl-42-fr-2","14":"pa_taille-xs-34-2","16":"first","17":"instock","18":"taxable","19":"shipping-taxable","20":"purchasable","21":"product-type-variable"},"_links":{"self":[{"href":"https:\/\/maisoncleo.com\/fr\/wp-json\/wp\/v2\/product\/362742","targetHints":{"allow":["GET"]}}],"collection":[{"href":"https:\/\/maisoncleo.com\/fr\/wp-json\/wp\/v2\/product"}],"about":[{"href":"https:\/\/maisoncleo.com\/fr\/wp-json\/wp\/v2\/types\/product"}],"version-history":[{"count":1,"href":"https:\/\/maisoncleo.com\/fr\/wp-json\/wp\/v2\/product\/362742\/revisions"}],"predecessor-version":[{"id":362786,"href":"https:\/\/maisoncleo.com\/fr\/wp-json\/wp\/v2\/product\/362742\/revisions\/362786"}],"wp:featuredmedia":[{"embeddable":true,"href":"https:\/\/maisoncleo.com\/fr\/wp-json\/wp\/v2\/media\/344180"}],"wp:attachment":[{"href":"https:\/\/maisoncleo.com\/fr\/wp-json\/wp\/v2\/media?parent=362742"}],"wp:term":[{"taxonomy":"product_brand","embeddable":true,"href":"https:\/\/maisoncleo.com\/fr\/wp-json\/wp\/v2\/product_brand?post=362742"},{"taxonomy":"product_cat","embeddable":true,"href":"https:\/\/maisoncleo.com\/fr\/wp-json\/wp\/v2\/product_cat?post=362742"},{"taxonomy":"product_tag","embeddable":true,"href":"https:\/\/maisoncleo.com\/fr\/wp-json\/wp\/v2\/product_tag?post=362742"}],"curies":[{"name":"wp","href":"https:\/\/api.w.org\/{rel}","templated":true}]}}