{"id":362741,"date":"2024-09-10T00:44:48","date_gmt":"2024-09-10T14:34:40","guid":{"rendered":"https:\/\/maisoncleo.com\/\/?post_type=product&#038;p=362741"},"modified":"2024-11-17T20:20:00","modified_gmt":"2024-11-17T18:20:00","slug":"blouse-en-organza-de-soie-marron-agnes","status":"publish","type":"product","link":"https:\/\/maisoncleo.com\/fr\/shop\/blouse-en-organza-de-soie-marron-agnes\/","title":{"rendered":"Blouse en organza de soie marron AGNES"},"content":{"rendered":"<p>Notre blouse Agn\u00e8s faite dans un tissu en organza de soie marron, tissu l\u00e9g\u00e8rement textur\u00e9 et ray\u00e9, deux liens \u00e0 nouer sur le devant et des manches bouffantes. 100% soie.<\/p>\n<p>La mod\u00e8le mesure 1m76 et porte une taille 38.<\/p>\n","protected":false},"excerpt":{"rendered":"<p>Notre blouse Agn\u00e8s faite dans un tissu en organza de soie marron, tissu l\u00e9g\u00e8rement textur\u00e9 et ray\u00e9, deux liens \u00e0 nouer sur&hellip;<\/p>\n","protected":false},"featured_media":344169,"template":"","meta":[],"product_brand":[],"product_cat":[663,667,661],"product_tag":[],"class_list":{"0":"post-362741","1":"product","2":"type-product","3":"status-publish","4":"has-post-thumbnail","6":"product_cat-blouses","7":"product_cat-dernieres-pieces","8":"product_cat-tout-voir","9":"pa_taille-l-40-2","10":"pa_taille-m-38-2","11":"pa_taille-s-36-2","12":"pa_taille-sur-mesure-fr-2","13":"pa_taille-xl-42-fr-2","14":"pa_taille-xs-34-2","16":"first","17":"instock","18":"taxable","19":"shipping-taxable","20":"purchasable","21":"product-type-variable"},"_links":{"self":[{"href":"https:\/\/maisoncleo.com\/fr\/wp-json\/wp\/v2\/product\/362741","targetHints":{"allow":["GET"]}}],"collection":[{"href":"https:\/\/maisoncleo.com\/fr\/wp-json\/wp\/v2\/product"}],"about":[{"href":"https:\/\/maisoncleo.com\/fr\/wp-json\/wp\/v2\/types\/product"}],"version-history":[{"count":1,"href":"https:\/\/maisoncleo.com\/fr\/wp-json\/wp\/v2\/product\/362741\/revisions"}],"predecessor-version":[{"id":362772,"href":"https:\/\/maisoncleo.com\/fr\/wp-json\/wp\/v2\/product\/362741\/revisions\/362772"}],"wp:featuredmedia":[{"embeddable":true,"href":"https:\/\/maisoncleo.com\/fr\/wp-json\/wp\/v2\/media\/344169"}],"wp:attachment":[{"href":"https:\/\/maisoncleo.com\/fr\/wp-json\/wp\/v2\/media?parent=362741"}],"wp:term":[{"taxonomy":"product_brand","embeddable":true,"href":"https:\/\/maisoncleo.com\/fr\/wp-json\/wp\/v2\/product_brand?post=362741"},{"taxonomy":"product_cat","embeddable":true,"href":"https:\/\/maisoncleo.com\/fr\/wp-json\/wp\/v2\/product_cat?post=362741"},{"taxonomy":"product_tag","embeddable":true,"href":"https:\/\/maisoncleo.com\/fr\/wp-json\/wp\/v2\/product_tag?post=362741"}],"curies":[{"name":"wp","href":"https:\/\/api.w.org\/{rel}","templated":true}]}}