{"id":362726,"date":"2024-09-10T00:43:22","date_gmt":"2024-09-10T14:34:16","guid":{"rendered":"https:\/\/maisoncleo.com\/\/?post_type=product&#038;p=362726"},"modified":"2024-09-10T21:13:30","modified_gmt":"2024-09-10T19:13:30","slug":"sac-de-plage-noir-en-resille-crochet-irise-et-satin","status":"publish","type":"product","link":"https:\/\/maisoncleo.com\/fr\/shop\/sac-de-plage-noir-en-resille-crochet-irise-et-satin\/","title":{"rendered":"Sac de plage noir en r\u00e9sille crochet iris\u00e9 et satin"},"content":{"rendered":"<p id=\"tw-target-text\" class=\"tw-data-text tw-text-large tw-ta\" dir=\"ltr\" data-placeholder=\"Traduction\"><span class=\"Y2IQFc\" lang=\"fr\">Sac \u00e0 main de plage en r\u00e9sille noir l\u00e9g\u00e8rement iris\u00e9 avec deux anses en satin. Fabriqu\u00e9 dans une r\u00e9sille provenant d&rsquo;une maison de couture italienne. A porter \u00e0 l&rsquo;\u00e9paule ou \u00e0 la main pour transporter votre bikini, cr\u00e8me solaire, lunettes de soleil ou ce que vous voulez!\u00a0<\/span><span class=\"Y2IQFc\" lang=\"fr\">Etiquette FFF4EVER cousue sur le c\u00f4t\u00e9. <\/span><\/p>\n","protected":false},"excerpt":{"rendered":"<p>Sac \u00e0 main de plage en r\u00e9sille noir l\u00e9g\u00e8rement iris\u00e9 avec deux anses en satin. Fabriqu\u00e9 dans une r\u00e9sille provenant d&rsquo;une maison&hellip;<\/p>\n","protected":false},"featured_media":344339,"template":"","meta":[],"product_brand":[],"product_cat":[651,667,652,661],"product_tag":[],"class_list":{"0":"post-362726","1":"product","2":"type-product","3":"status-publish","4":"has-post-thumbnail","6":"product_cat-accessoires","7":"product_cat-dernieres-pieces","8":"product_cat-sacs","9":"product_cat-tout-voir","10":"pa_taille-taille-unique-2","12":"first","13":"instock","14":"taxable","15":"shipping-taxable","16":"purchasable","17":"product-type-variable"},"_links":{"self":[{"href":"https:\/\/maisoncleo.com\/fr\/wp-json\/wp\/v2\/product\/362726","targetHints":{"allow":["GET"]}}],"collection":[{"href":"https:\/\/maisoncleo.com\/fr\/wp-json\/wp\/v2\/product"}],"about":[{"href":"https:\/\/maisoncleo.com\/fr\/wp-json\/wp\/v2\/types\/product"}],"version-history":[{"count":1,"href":"https:\/\/maisoncleo.com\/fr\/wp-json\/wp\/v2\/product\/362726\/revisions"}],"predecessor-version":[{"id":362823,"href":"https:\/\/maisoncleo.com\/fr\/wp-json\/wp\/v2\/product\/362726\/revisions\/362823"}],"wp:featuredmedia":[{"embeddable":true,"href":"https:\/\/maisoncleo.com\/fr\/wp-json\/wp\/v2\/media\/344339"}],"wp:attachment":[{"href":"https:\/\/maisoncleo.com\/fr\/wp-json\/wp\/v2\/media?parent=362726"}],"wp:term":[{"taxonomy":"product_brand","embeddable":true,"href":"https:\/\/maisoncleo.com\/fr\/wp-json\/wp\/v2\/product_brand?post=362726"},{"taxonomy":"product_cat","embeddable":true,"href":"https:\/\/maisoncleo.com\/fr\/wp-json\/wp\/v2\/product_cat?post=362726"},{"taxonomy":"product_tag","embeddable":true,"href":"https:\/\/maisoncleo.com\/fr\/wp-json\/wp\/v2\/product_tag?post=362726"}],"curies":[{"name":"wp","href":"https:\/\/api.w.org\/{rel}","templated":true}]}}