{"id":362570,"date":"2026-02-02T00:36:41","date_gmt":"2026-02-01T22:36:41","guid":{"rendered":"https:\/\/maisoncleo.com\/\/?post_type=product&#038;p=362570"},"modified":"2026-04-20T21:14:31","modified_gmt":"2026-04-20T19:14:31","slug":"jupe-corset-noire-tricotee-celine","status":"publish","type":"product","link":"https:\/\/maisoncleo.com\/fr\/shop\/jupe-corset-noire-tricotee-celine\/","title":{"rendered":"READY-TO-SHIP &#8211; Jupe corset noire tricot\u00e9e CELINE"},"content":{"rendered":"<p>Jupe mi-longue turquoise textur\u00e9e volant\u00e9e dans le bas. Ajust\u00e9e. La\u00e7age corset sur les c\u00f4t\u00e9s. Va avec tout et donne un fit incroyable! 100% coton organique textur\u00e9.<\/p>\n<p>La mod\u00e8le mesure 1m71.<\/p>\n","protected":false},"excerpt":{"rendered":"<p>Jupe mi-longue turquoise textur\u00e9e volant\u00e9e dans le bas. Ajust\u00e9e. La\u00e7age corset sur les c\u00f4t\u00e9s. Va avec tout et donne un fit incroyable!&hellip;<\/p>\n","protected":false},"featured_media":343900,"template":"","meta":[],"product_brand":[],"product_cat":[913],"product_tag":[],"class_list":{"0":"post-362570","1":"product","2":"type-product","3":"status-publish","4":"has-post-thumbnail","6":"product_cat-ready-to-ship","8":"first","9":"instock","10":"taxable","11":"shipping-taxable","12":"purchasable","13":"product-type-variable"},"_links":{"self":[{"href":"https:\/\/maisoncleo.com\/fr\/wp-json\/wp\/v2\/product\/362570","targetHints":{"allow":["GET"]}}],"collection":[{"href":"https:\/\/maisoncleo.com\/fr\/wp-json\/wp\/v2\/product"}],"about":[{"href":"https:\/\/maisoncleo.com\/fr\/wp-json\/wp\/v2\/types\/product"}],"version-history":[{"count":2,"href":"https:\/\/maisoncleo.com\/fr\/wp-json\/wp\/v2\/product\/362570\/revisions"}],"predecessor-version":[{"id":400077,"href":"https:\/\/maisoncleo.com\/fr\/wp-json\/wp\/v2\/product\/362570\/revisions\/400077"}],"wp:featuredmedia":[{"embeddable":true,"href":"https:\/\/maisoncleo.com\/fr\/wp-json\/wp\/v2\/media\/343900"}],"wp:attachment":[{"href":"https:\/\/maisoncleo.com\/fr\/wp-json\/wp\/v2\/media?parent=362570"}],"wp:term":[{"taxonomy":"product_brand","embeddable":true,"href":"https:\/\/maisoncleo.com\/fr\/wp-json\/wp\/v2\/product_brand?post=362570"},{"taxonomy":"product_cat","embeddable":true,"href":"https:\/\/maisoncleo.com\/fr\/wp-json\/wp\/v2\/product_cat?post=362570"},{"taxonomy":"product_tag","embeddable":true,"href":"https:\/\/maisoncleo.com\/fr\/wp-json\/wp\/v2\/product_tag?post=362570"}],"curies":[{"name":"wp","href":"https:\/\/api.w.org\/{rel}","templated":true}]}}