{"id":362524,"date":"2024-09-10T00:33:49","date_gmt":"2024-09-10T14:28:46","guid":{"rendered":"https:\/\/maisoncleo.com\/\/?post_type=product&#038;p=362524"},"modified":"2024-09-10T21:12:57","modified_gmt":"2024-09-10T19:12:57","slug":"blouse-anne-en-soie-doree-brillante","status":"publish","type":"product","link":"https:\/\/maisoncleo.com\/fr\/shop\/blouse-anne-en-soie-doree-brillante\/","title":{"rendered":"Blouse ANNE en soie dor\u00e9e brillante"},"content":{"rendered":"<p>Blouse dor\u00e9e paillet\u00e9e, tissu textur\u00e9, deux liens sur le devant, manches courtes bouffantes, petits n\u0153uds au bas des manches. 100% soie textur\u00e9e paillet\u00e9e.<\/p>\n<p>Le mod\u00e8le mesure 1m71.<\/p>\n","protected":false},"excerpt":{"rendered":"<p>Blouse dor\u00e9e paillet\u00e9e, tissu textur\u00e9, deux liens sur le devant, manches courtes bouffantes, petits n\u0153uds au bas des manches. 100% soie textur\u00e9e&hellip;<\/p>\n","protected":false},"featured_media":343809,"template":"","meta":[],"product_brand":[],"product_cat":[663,667,661],"product_tag":[],"class_list":{"0":"post-362524","1":"product","2":"type-product","3":"status-publish","4":"has-post-thumbnail","6":"product_cat-blouses","7":"product_cat-dernieres-pieces","8":"product_cat-tout-voir","9":"pa_taille-l-40-2","10":"pa_taille-m-38-2","11":"pa_taille-s-36-2","12":"pa_taille-sur-mesure-fr-2","13":"pa_taille-xl-42-fr-2","14":"pa_taille-xs-34-2","16":"first","17":"outofstock","18":"taxable","19":"shipping-taxable","20":"purchasable","21":"product-type-variable"},"_links":{"self":[{"href":"https:\/\/maisoncleo.com\/fr\/wp-json\/wp\/v2\/product\/362524","targetHints":{"allow":["GET"]}}],"collection":[{"href":"https:\/\/maisoncleo.com\/fr\/wp-json\/wp\/v2\/product"}],"about":[{"href":"https:\/\/maisoncleo.com\/fr\/wp-json\/wp\/v2\/types\/product"}],"version-history":[{"count":1,"href":"https:\/\/maisoncleo.com\/fr\/wp-json\/wp\/v2\/product\/362524\/revisions"}],"predecessor-version":[{"id":362545,"href":"https:\/\/maisoncleo.com\/fr\/wp-json\/wp\/v2\/product\/362524\/revisions\/362545"}],"wp:featuredmedia":[{"embeddable":true,"href":"https:\/\/maisoncleo.com\/fr\/wp-json\/wp\/v2\/media\/343809"}],"wp:attachment":[{"href":"https:\/\/maisoncleo.com\/fr\/wp-json\/wp\/v2\/media?parent=362524"}],"wp:term":[{"taxonomy":"product_brand","embeddable":true,"href":"https:\/\/maisoncleo.com\/fr\/wp-json\/wp\/v2\/product_brand?post=362524"},{"taxonomy":"product_cat","embeddable":true,"href":"https:\/\/maisoncleo.com\/fr\/wp-json\/wp\/v2\/product_cat?post=362524"},{"taxonomy":"product_tag","embeddable":true,"href":"https:\/\/maisoncleo.com\/fr\/wp-json\/wp\/v2\/product_tag?post=362524"}],"curies":[{"name":"wp","href":"https:\/\/api.w.org\/{rel}","templated":true}]}}