{"id":362523,"date":"2024-09-10T00:33:49","date_gmt":"2024-09-10T14:28:46","guid":{"rendered":"https:\/\/maisoncleo.com\/\/?post_type=product&#038;p=362523"},"modified":"2024-09-10T21:12:55","modified_gmt":"2024-09-10T19:12:55","slug":"jupe-en-soie-doree-brillante-a-fronces-anne","status":"publish","type":"product","link":"https:\/\/maisoncleo.com\/fr\/shop\/jupe-en-soie-doree-brillante-a-fronces-anne\/","title":{"rendered":"Jupe en soie dor\u00e9e brillante \u00e0 fronces ANNE"},"content":{"rendered":"<p>Jupe en soie dor\u00e9e brillante \u00e0 fronces. Fente sur la gauche. Ceinture \u00e0 fronces. Zip dans le dos. 100% soie textur\u00e9e.<\/p>\n<p>La mod\u00e8le mesure 1m71.<\/p>\n","protected":false},"excerpt":{"rendered":"<p>Jupe en soie dor\u00e9e brillante \u00e0 fronces. Fente sur la gauche. Ceinture \u00e0 fronces. Zip dans le dos. 100% soie textur\u00e9e. La&hellip;<\/p>\n","protected":false},"featured_media":343802,"template":"","meta":[],"product_brand":[],"product_cat":[667,672,661],"product_tag":[],"class_list":{"0":"post-362523","1":"product","2":"type-product","3":"status-publish","4":"has-post-thumbnail","6":"product_cat-dernieres-pieces","7":"product_cat-jupes","8":"product_cat-tout-voir","9":"pa_taille-l-40-2","10":"pa_taille-m-38-2","11":"pa_taille-s-36-2","12":"pa_taille-sur-mesure-fr-2","13":"pa_taille-xl-42-fr-2","14":"pa_taille-xs-34-2","16":"first","17":"outofstock","18":"taxable","19":"shipping-taxable","20":"purchasable","21":"product-type-variable"},"_links":{"self":[{"href":"https:\/\/maisoncleo.com\/fr\/wp-json\/wp\/v2\/product\/362523","targetHints":{"allow":["GET"]}}],"collection":[{"href":"https:\/\/maisoncleo.com\/fr\/wp-json\/wp\/v2\/product"}],"about":[{"href":"https:\/\/maisoncleo.com\/fr\/wp-json\/wp\/v2\/types\/product"}],"version-history":[{"count":1,"href":"https:\/\/maisoncleo.com\/fr\/wp-json\/wp\/v2\/product\/362523\/revisions"}],"predecessor-version":[{"id":362544,"href":"https:\/\/maisoncleo.com\/fr\/wp-json\/wp\/v2\/product\/362523\/revisions\/362544"}],"wp:featuredmedia":[{"embeddable":true,"href":"https:\/\/maisoncleo.com\/fr\/wp-json\/wp\/v2\/media\/343802"}],"wp:attachment":[{"href":"https:\/\/maisoncleo.com\/fr\/wp-json\/wp\/v2\/media?parent=362523"}],"wp:term":[{"taxonomy":"product_brand","embeddable":true,"href":"https:\/\/maisoncleo.com\/fr\/wp-json\/wp\/v2\/product_brand?post=362523"},{"taxonomy":"product_cat","embeddable":true,"href":"https:\/\/maisoncleo.com\/fr\/wp-json\/wp\/v2\/product_cat?post=362523"},{"taxonomy":"product_tag","embeddable":true,"href":"https:\/\/maisoncleo.com\/fr\/wp-json\/wp\/v2\/product_tag?post=362523"}],"curies":[{"name":"wp","href":"https:\/\/api.w.org\/{rel}","templated":true}]}}