{"id":362383,"date":"2024-09-10T00:28:47","date_gmt":"2024-09-10T14:16:09","guid":{"rendered":"https:\/\/maisoncleo.com\/\/?post_type=product&#038;p=362383"},"modified":"2024-09-10T21:12:52","modified_gmt":"2024-09-10T19:12:52","slug":"blouse-en-coton-noir-brodee-avec-des-marguerites","status":"publish","type":"product","link":"https:\/\/maisoncleo.com\/fr\/shop\/blouse-en-coton-noir-brodee-avec-des-marguerites\/","title":{"rendered":"Blouse en coton noir brod\u00e9e avec des marguerites"},"content":{"rendered":"<p>Blouse en coton noir brod\u00e9e. Trois liens \u00e0 nouer sur le devant. Les manches sont bouffantes et il y a des petites marguerites sur les manches, l&rsquo;encolure et le bas. Fabriqu\u00e9e avec de la dentelle de Calais, notre ville. 100% coton.<\/p>\n<p>Mesures : Longueur : 44 cm.<\/p>\n<p>La mod\u00e8le mesure 171cm.<\/p>\n","protected":false},"excerpt":{"rendered":"<p>Blouse en coton noir brod\u00e9e. Trois liens \u00e0 nouer sur le devant. Les manches sont bouffantes et il y a des petites&hellip;<\/p>\n","protected":false},"featured_media":362498,"template":"","meta":[],"product_brand":[],"product_cat":[663,661],"product_tag":[],"class_list":{"0":"post-362383","1":"product","2":"type-product","3":"status-publish","4":"has-post-thumbnail","6":"product_cat-blouses","7":"product_cat-tout-voir","8":"pa_taille-l-40-2","9":"pa_taille-m-38-2","10":"pa_taille-s-36-2","11":"pa_taille-sur-mesure-fr-2","12":"pa_taille-xl-42-fr-2","13":"pa_taille-xs-34-2","15":"first","16":"instock","17":"taxable","18":"shipping-taxable","19":"purchasable","20":"product-type-variable"},"_links":{"self":[{"href":"https:\/\/maisoncleo.com\/fr\/wp-json\/wp\/v2\/product\/362383","targetHints":{"allow":["GET"]}}],"collection":[{"href":"https:\/\/maisoncleo.com\/fr\/wp-json\/wp\/v2\/product"}],"about":[{"href":"https:\/\/maisoncleo.com\/fr\/wp-json\/wp\/v2\/types\/product"}],"version-history":[{"count":1,"href":"https:\/\/maisoncleo.com\/fr\/wp-json\/wp\/v2\/product\/362383\/revisions"}],"predecessor-version":[{"id":362500,"href":"https:\/\/maisoncleo.com\/fr\/wp-json\/wp\/v2\/product\/362383\/revisions\/362500"}],"wp:featuredmedia":[{"embeddable":true,"href":"https:\/\/maisoncleo.com\/fr\/wp-json\/wp\/v2\/media\/362498"}],"wp:attachment":[{"href":"https:\/\/maisoncleo.com\/fr\/wp-json\/wp\/v2\/media?parent=362383"}],"wp:term":[{"taxonomy":"product_brand","embeddable":true,"href":"https:\/\/maisoncleo.com\/fr\/wp-json\/wp\/v2\/product_brand?post=362383"},{"taxonomy":"product_cat","embeddable":true,"href":"https:\/\/maisoncleo.com\/fr\/wp-json\/wp\/v2\/product_cat?post=362383"},{"taxonomy":"product_tag","embeddable":true,"href":"https:\/\/maisoncleo.com\/fr\/wp-json\/wp\/v2\/product_tag?post=362383"}],"curies":[{"name":"wp","href":"https:\/\/api.w.org\/{rel}","templated":true}]}}