{"id":362377,"date":"2024-09-10T00:28:47","date_gmt":"2024-09-10T14:16:09","guid":{"rendered":"https:\/\/maisoncleo.com\/\/?post_type=product&#038;p=362377"},"modified":"2024-09-10T21:12:45","modified_gmt":"2024-09-10T19:12:45","slug":"top-dos-nu-en-soie-leopard","status":"publish","type":"product","link":"https:\/\/maisoncleo.com\/fr\/shop\/top-dos-nu-en-soie-leopard\/","title":{"rendered":"Top dos nu en soie l\u00e9opard"},"content":{"rendered":"<p>Top dos nu en soie l\u00e9opard. Fabriqu\u00e9 dans une soie deadstock, imprim\u00e9 l\u00e9opard. Col b\u00e9nitier, fluide, dos nu, liens \u00e9pais \u00e0 nouer derri\u00e8re le dos et le cou. 100% satin de soie.<\/p>\n<p>La mod\u00e8le mesure 1m71.<\/p>\n","protected":false},"excerpt":{"rendered":"<p>Top dos nu en soie l\u00e9opard. Fabriqu\u00e9 dans une soie deadstock, imprim\u00e9 l\u00e9opard. Col b\u00e9nitier, fluide, dos nu, liens \u00e9pais \u00e0 nouer&hellip;<\/p>\n","protected":false},"featured_media":362422,"template":"","meta":[],"product_brand":[],"product_cat":[667,960,674,661],"product_tag":[],"class_list":{"0":"post-362377","1":"product","2":"type-product","3":"status-publish","4":"has-post-thumbnail","6":"product_cat-dernieres-pieces","7":"product_cat-leopard-selection","8":"product_cat-tops","9":"product_cat-tout-voir","10":"pa_taille-l-40-2","11":"pa_taille-m-38-2","12":"pa_taille-s-36-2","13":"pa_taille-sur-mesure-fr-2","14":"pa_taille-xl-42-fr-2","15":"pa_taille-xs-34-2","17":"first","18":"instock","19":"taxable","20":"shipping-taxable","21":"purchasable","22":"product-type-variable"},"_links":{"self":[{"href":"https:\/\/maisoncleo.com\/fr\/wp-json\/wp\/v2\/product\/362377","targetHints":{"allow":["GET"]}}],"collection":[{"href":"https:\/\/maisoncleo.com\/fr\/wp-json\/wp\/v2\/product"}],"about":[{"href":"https:\/\/maisoncleo.com\/fr\/wp-json\/wp\/v2\/types\/product"}],"version-history":[{"count":1,"href":"https:\/\/maisoncleo.com\/fr\/wp-json\/wp\/v2\/product\/362377\/revisions"}],"predecessor-version":[{"id":362424,"href":"https:\/\/maisoncleo.com\/fr\/wp-json\/wp\/v2\/product\/362377\/revisions\/362424"}],"wp:featuredmedia":[{"embeddable":true,"href":"https:\/\/maisoncleo.com\/fr\/wp-json\/wp\/v2\/media\/362422"}],"wp:attachment":[{"href":"https:\/\/maisoncleo.com\/fr\/wp-json\/wp\/v2\/media?parent=362377"}],"wp:term":[{"taxonomy":"product_brand","embeddable":true,"href":"https:\/\/maisoncleo.com\/fr\/wp-json\/wp\/v2\/product_brand?post=362377"},{"taxonomy":"product_cat","embeddable":true,"href":"https:\/\/maisoncleo.com\/fr\/wp-json\/wp\/v2\/product_cat?post=362377"},{"taxonomy":"product_tag","embeddable":true,"href":"https:\/\/maisoncleo.com\/fr\/wp-json\/wp\/v2\/product_tag?post=362377"}],"curies":[{"name":"wp","href":"https:\/\/api.w.org\/{rel}","templated":true}]}}