{"id":362337,"date":"2026-02-01T00:24:51","date_gmt":"2026-01-31T22:24:51","guid":{"rendered":"https:\/\/maisoncleo.com\/\/?post_type=product&#038;p=362337"},"modified":"2026-04-20T20:58:05","modified_gmt":"2026-04-20T18:58:05","slug":"jupe-mi-longue-tricotee-turquoise-texturee-a-volants-sylvie","status":"publish","type":"product","link":"https:\/\/maisoncleo.com\/fr\/shop\/jupe-mi-longue-tricotee-turquoise-texturee-a-volants-sylvie\/","title":{"rendered":"READY-TO-SHIP &#8211; Jupe mi-longue tricot\u00e9e turquoise textur\u00e9e \u00e0 volants SYLVIE"},"content":{"rendered":"<p>Jupe mi-longue turquoise textur\u00e9e volant\u00e9e dans le bas.<\/p>\n<p>Ajust\u00e9e, stretchy. Va avec tout et donne un fit incroyable! 100% coton organique textur\u00e9.<\/p>\n<p>La mod\u00e8le mesure 1m70 et porte une taille XS-34.<\/p>\n","protected":false},"excerpt":{"rendered":"<p>Jupe mi-longue turquoise textur\u00e9e volant\u00e9e dans le bas. Ajust\u00e9e, stretchy. Va avec tout et donne un fit incroyable! 100% coton organique textur\u00e9.&hellip;<\/p>\n","protected":false},"featured_media":343603,"template":"","meta":[],"product_brand":[],"product_cat":[913],"product_tag":[],"class_list":{"0":"post-362337","1":"product","2":"type-product","3":"status-publish","4":"has-post-thumbnail","6":"product_cat-ready-to-ship","8":"first","9":"instock","10":"taxable","11":"shipping-taxable","12":"purchasable","13":"product-type-variable"},"_links":{"self":[{"href":"https:\/\/maisoncleo.com\/fr\/wp-json\/wp\/v2\/product\/362337","targetHints":{"allow":["GET"]}}],"collection":[{"href":"https:\/\/maisoncleo.com\/fr\/wp-json\/wp\/v2\/product"}],"about":[{"href":"https:\/\/maisoncleo.com\/fr\/wp-json\/wp\/v2\/types\/product"}],"version-history":[{"count":2,"href":"https:\/\/maisoncleo.com\/fr\/wp-json\/wp\/v2\/product\/362337\/revisions"}],"predecessor-version":[{"id":400073,"href":"https:\/\/maisoncleo.com\/fr\/wp-json\/wp\/v2\/product\/362337\/revisions\/400073"}],"wp:featuredmedia":[{"embeddable":true,"href":"https:\/\/maisoncleo.com\/fr\/wp-json\/wp\/v2\/media\/343603"}],"wp:attachment":[{"href":"https:\/\/maisoncleo.com\/fr\/wp-json\/wp\/v2\/media?parent=362337"}],"wp:term":[{"taxonomy":"product_brand","embeddable":true,"href":"https:\/\/maisoncleo.com\/fr\/wp-json\/wp\/v2\/product_brand?post=362337"},{"taxonomy":"product_cat","embeddable":true,"href":"https:\/\/maisoncleo.com\/fr\/wp-json\/wp\/v2\/product_cat?post=362337"},{"taxonomy":"product_tag","embeddable":true,"href":"https:\/\/maisoncleo.com\/fr\/wp-json\/wp\/v2\/product_tag?post=362337"}],"curies":[{"name":"wp","href":"https:\/\/api.w.org\/{rel}","templated":true}]}}