{"id":362239,"date":"2024-09-10T00:17:13","date_gmt":"2024-09-09T22:17:13","guid":{"rendered":"https:\/\/maisoncleo.com\/\/?post_type=product&#038;p=362239"},"modified":"2025-10-22T16:37:22","modified_gmt":"2025-10-22T14:37:22","slug":"la-mini-jupe-ecoliere-a-carreaux-boutonnee-en-denim-leger","status":"publish","type":"product","link":"https:\/\/maisoncleo.com\/fr\/shop\/la-mini-jupe-ecoliere-a-carreaux-boutonnee-en-denim-leger\/","title":{"rendered":"La mini jupe \u00e9coli\u00e8re \u00e0 carreaux boutonn\u00e9e en denim l\u00e9ger"},"content":{"rendered":"<p>La mini jupe \u00e9coli\u00e8re \u00e0 carreaux boutonn\u00e9e en denim l\u00e9ger, coupe l\u00e9g\u00e8rement trapeze. Fermeture \u00e9clair dans le dos. Petits boutons made in France grav\u00e9s \u00ab\u00a0MC\u00a0\u00bb sur les c\u00f4t\u00e9s. Ceinture assortie avec boucle rose.<\/p>\n<p>La mod\u00e8le mesure 1m70 et porte une taille XS-34.<\/p>\n","protected":false},"excerpt":{"rendered":"<p>La mini jupe \u00e9coli\u00e8re \u00e0 carreaux boutonn\u00e9e en denim l\u00e9ger, coupe l\u00e9g\u00e8rement trapeze. Fermeture \u00e9clair dans le dos. Petits boutons made in&hellip;<\/p>\n","protected":false},"featured_media":343353,"template":"","meta":[],"product_brand":[],"product_cat":[667,672,661],"product_tag":[],"class_list":{"0":"post-362239","1":"product","2":"type-product","3":"status-publish","4":"has-post-thumbnail","6":"product_cat-dernieres-pieces","7":"product_cat-jupes","8":"product_cat-tout-voir","10":"first","11":"outofstock","12":"taxable","13":"shipping-taxable","14":"purchasable","15":"product-type-variable","16":"has-default-attributes"},"_links":{"self":[{"href":"https:\/\/maisoncleo.com\/fr\/wp-json\/wp\/v2\/product\/362239","targetHints":{"allow":["GET"]}}],"collection":[{"href":"https:\/\/maisoncleo.com\/fr\/wp-json\/wp\/v2\/product"}],"about":[{"href":"https:\/\/maisoncleo.com\/fr\/wp-json\/wp\/v2\/types\/product"}],"version-history":[{"count":1,"href":"https:\/\/maisoncleo.com\/fr\/wp-json\/wp\/v2\/product\/362239\/revisions"}],"predecessor-version":[{"id":362273,"href":"https:\/\/maisoncleo.com\/fr\/wp-json\/wp\/v2\/product\/362239\/revisions\/362273"}],"wp:featuredmedia":[{"embeddable":true,"href":"https:\/\/maisoncleo.com\/fr\/wp-json\/wp\/v2\/media\/343353"}],"wp:attachment":[{"href":"https:\/\/maisoncleo.com\/fr\/wp-json\/wp\/v2\/media?parent=362239"}],"wp:term":[{"taxonomy":"product_brand","embeddable":true,"href":"https:\/\/maisoncleo.com\/fr\/wp-json\/wp\/v2\/product_brand?post=362239"},{"taxonomy":"product_cat","embeddable":true,"href":"https:\/\/maisoncleo.com\/fr\/wp-json\/wp\/v2\/product_cat?post=362239"},{"taxonomy":"product_tag","embeddable":true,"href":"https:\/\/maisoncleo.com\/fr\/wp-json\/wp\/v2\/product_tag?post=362239"}],"curies":[{"name":"wp","href":"https:\/\/api.w.org\/{rel}","templated":true}]}}