{"id":362224,"date":"2024-09-10T00:15:32","date_gmt":"2024-09-10T14:11:01","guid":{"rendered":"https:\/\/maisoncleo.com\/\/?post_type=product&#038;p=362224"},"modified":"2024-09-10T21:12:25","modified_gmt":"2024-09-10T19:12:25","slug":"le-t-shirt-fuck-fast-fashion-dauphins-cowboy-turquoise","status":"publish","type":"product","link":"https:\/\/maisoncleo.com\/fr\/shop\/le-t-shirt-fuck-fast-fashion-dauphins-cowboy-turquoise\/","title":{"rendered":"Le T-shirt \u00ab\u00a0Fuck Fast Fashion &#8211; dauphins &#8211; cowboy\u00a0\u00bb &#8211; turquoise"},"content":{"rendered":"<p id=\"tw-target-text\" class=\"tw-data-text tw-text-large tw-ta\" dir=\"ltr\" data-placeholder=\"Traduction\"><span class=\"Y2IQFc\" lang=\"fr\">Notre t-shirt \u00ab\u00a0Fuck Fast Fashion &#8211; dauphins &#8211; cowboy\u00a0\u00bb que tout le monde devrait arborer! \u00a0Manches courtes, coupe ajust\u00e9e, coton jersey doux. Blanc avec un flocage turquoise \u00e0 paillettes que nous fabriquons en interne. 98% coton, 2% \u00e9lasthanne.<\/span><\/p>\n<p dir=\"ltr\" data-placeholder=\"Traduction\">Vous pouvez nous donner votre tour de poitrine ainsi vous ferons le t-shirt en fonction de vos mesures \ud83d\ude42<\/p>\n","protected":false},"excerpt":{"rendered":"<p>Notre t-shirt \u00ab\u00a0Fuck Fast Fashion &#8211; dauphins &#8211; cowboy\u00a0\u00bb que tout le monde devrait arborer! \u00a0Manches courtes, coupe ajust\u00e9e, coton jersey doux.&hellip;<\/p>\n","protected":false},"featured_media":343315,"template":"","meta":[],"product_brand":[],"product_cat":[669,667,674,661],"product_tag":[],"class_list":{"0":"post-362224","1":"product","2":"type-product","3":"status-publish","4":"has-post-thumbnail","6":"product_cat-always-buyable-fr","7":"product_cat-dernieres-pieces","8":"product_cat-tops","9":"product_cat-tout-voir","10":"pa_taille-l-40-2","11":"pa_taille-m-38-2","12":"pa_taille-s-36-2","13":"pa_taille-sur-mesure-fr-2","14":"pa_taille-xl-42-fr-2","15":"pa_taille-xs-34-2","17":"first","18":"outofstock","19":"taxable","20":"shipping-taxable","21":"purchasable","22":"product-type-variable"},"_links":{"self":[{"href":"https:\/\/maisoncleo.com\/fr\/wp-json\/wp\/v2\/product\/362224","targetHints":{"allow":["GET"]}}],"collection":[{"href":"https:\/\/maisoncleo.com\/fr\/wp-json\/wp\/v2\/product"}],"about":[{"href":"https:\/\/maisoncleo.com\/fr\/wp-json\/wp\/v2\/types\/product"}],"version-history":[{"count":1,"href":"https:\/\/maisoncleo.com\/fr\/wp-json\/wp\/v2\/product\/362224\/revisions"}],"predecessor-version":[{"id":362258,"href":"https:\/\/maisoncleo.com\/fr\/wp-json\/wp\/v2\/product\/362224\/revisions\/362258"}],"wp:featuredmedia":[{"embeddable":true,"href":"https:\/\/maisoncleo.com\/fr\/wp-json\/wp\/v2\/media\/343315"}],"wp:attachment":[{"href":"https:\/\/maisoncleo.com\/fr\/wp-json\/wp\/v2\/media?parent=362224"}],"wp:term":[{"taxonomy":"product_brand","embeddable":true,"href":"https:\/\/maisoncleo.com\/fr\/wp-json\/wp\/v2\/product_brand?post=362224"},{"taxonomy":"product_cat","embeddable":true,"href":"https:\/\/maisoncleo.com\/fr\/wp-json\/wp\/v2\/product_cat?post=362224"},{"taxonomy":"product_tag","embeddable":true,"href":"https:\/\/maisoncleo.com\/fr\/wp-json\/wp\/v2\/product_tag?post=362224"}],"curies":[{"name":"wp","href":"https:\/\/api.w.org\/{rel}","templated":true}]}}