{"id":362195,"date":"2024-09-10T00:14:07","date_gmt":"2024-09-10T14:10:15","guid":{"rendered":"https:\/\/maisoncleo.com\/\/?post_type=product&#038;p=362195"},"modified":"2024-09-10T21:12:23","modified_gmt":"2024-09-10T19:12:23","slug":"tatouages-ephemeres-maisoncleo-ete-2022","status":"publish","type":"product","link":"https:\/\/maisoncleo.com\/fr\/shop\/tatouages-ephemeres-maisoncleo-ete-2022\/","title":{"rendered":"Tatouages \u00e9ph\u00e9m\u00e8res MAISONCL\u00c9O \u00e9t\u00e9 2022"},"content":{"rendered":"<p dir=\"ltr\" data-placeholder=\"Traduction\">Nos premiers tatouages \u00e9ph\u00e9m\u00e8res &lt;3 Trop h\u00e2te d&rsquo;arborer un mini dauphin sur nos chevilles cet \u00e9t\u00e9!<\/p>\n<p dir=\"ltr\" data-placeholder=\"Traduction\">Edition limit\u00e9e. Fabriqu\u00e9 en France.<\/p>\n<p dir=\"ltr\" data-placeholder=\"Traduction\">Offert pour les commandes de plus de 500 euros.<\/p>\n<p>&nbsp;<\/p>\n<p>&nbsp;<\/p>\n<p>&nbsp;<\/p>\n","protected":false},"excerpt":{"rendered":"<p>Nos premiers tatouages \u00e9ph\u00e9m\u00e8res &lt;3 Trop h\u00e2te d&rsquo;arborer un mini dauphin sur nos chevilles cet \u00e9t\u00e9! Edition limit\u00e9e. Fabriqu\u00e9 en France. Offert&hellip;<\/p>\n","protected":false},"featured_media":362221,"template":"","meta":[],"product_brand":[],"product_cat":[651,669,667,655,661],"product_tag":[],"class_list":{"0":"post-362195","1":"product","2":"type-product","3":"status-publish","4":"has-post-thumbnail","6":"product_cat-accessoires","7":"product_cat-always-buyable-fr","8":"product_cat-dernieres-pieces","9":"product_cat-goodies","10":"product_cat-tout-voir","11":"pa_taille-taille-unique-2","13":"first","14":"outofstock","15":"taxable","16":"shipping-taxable","17":"purchasable","18":"product-type-variable"},"_links":{"self":[{"href":"https:\/\/maisoncleo.com\/fr\/wp-json\/wp\/v2\/product\/362195","targetHints":{"allow":["GET"]}}],"collection":[{"href":"https:\/\/maisoncleo.com\/fr\/wp-json\/wp\/v2\/product"}],"about":[{"href":"https:\/\/maisoncleo.com\/fr\/wp-json\/wp\/v2\/types\/product"}],"version-history":[{"count":1,"href":"https:\/\/maisoncleo.com\/fr\/wp-json\/wp\/v2\/product\/362195\/revisions"}],"predecessor-version":[{"id":362223,"href":"https:\/\/maisoncleo.com\/fr\/wp-json\/wp\/v2\/product\/362195\/revisions\/362223"}],"wp:featuredmedia":[{"embeddable":true,"href":"https:\/\/maisoncleo.com\/fr\/wp-json\/wp\/v2\/media\/362221"}],"wp:attachment":[{"href":"https:\/\/maisoncleo.com\/fr\/wp-json\/wp\/v2\/media?parent=362195"}],"wp:term":[{"taxonomy":"product_brand","embeddable":true,"href":"https:\/\/maisoncleo.com\/fr\/wp-json\/wp\/v2\/product_brand?post=362195"},{"taxonomy":"product_cat","embeddable":true,"href":"https:\/\/maisoncleo.com\/fr\/wp-json\/wp\/v2\/product_cat?post=362195"},{"taxonomy":"product_tag","embeddable":true,"href":"https:\/\/maisoncleo.com\/fr\/wp-json\/wp\/v2\/product_tag?post=362195"}],"curies":[{"name":"wp","href":"https:\/\/api.w.org\/{rel}","templated":true}]}}