{"id":362055,"date":"2024-09-09T23:59:18","date_gmt":"2024-09-10T14:05:57","guid":{"rendered":"https:\/\/maisoncleo.com\/\/?post_type=product&#038;p=362055"},"modified":"2024-09-10T21:12:10","modified_gmt":"2024-09-10T19:12:10","slug":"runway-look-9-bijou-doreille-ear-cuff-en-argent-avec-pendentif-coeur-bleu-fonce-swarovski","status":"publish","type":"product","link":"https:\/\/maisoncleo.com\/fr\/shop\/runway-look-9-bijou-doreille-ear-cuff-en-argent-avec-pendentif-coeur-bleu-fonce-swarovski\/","title":{"rendered":"RUNWAY LOOK 9 &#8211; Bijou d&rsquo;oreille ear cuff en argent avec pendentif coeur bleu fonc\u00e9 Swarovski"},"content":{"rendered":"<p>Bijou d&rsquo;oreille ear cuff en argent avec pendentif coeur bleu fonc\u00e9 Swarovski. Fabriqu\u00e9 \u00e0 la main en France. Pi\u00e8ce exclusive faite pour notre premier d\u00e9fil\u00e9 \u00ab\u00a0Premi\u00e8re Fois\u00a0\u00bb.<\/p>\n<p>Pas de syst\u00e8me de fermeture, posez la simplement sur votre oreille. Notre must-have de l&rsquo;\u00e9t\u00e9 \u00e0 porter avec toutes vos tenues! &lt;3<\/p>\n<p>Issu de notre premier d\u00e9fil\u00e9 \u00ab\u00a0Premi\u00e8re Fois\u00a0\u00bb en mars 2022.<\/p>\n<p>&nbsp;<\/p>\n<p>&nbsp;<\/p>\n<p>&nbsp;<\/p>\n","protected":false},"excerpt":{"rendered":"<p>Bijou d&rsquo;oreille ear cuff en argent avec pendentif coeur bleu fonc\u00e9 Swarovski. Fabriqu\u00e9 \u00e0 la main en France. Pi\u00e8ce exclusive faite pour&hellip;<\/p>\n","protected":false},"featured_media":343033,"template":"","meta":[],"product_brand":[],"product_cat":[651,669,657,671,667,661],"product_tag":[],"class_list":{"0":"post-362055","1":"product","2":"type-product","3":"status-publish","4":"has-post-thumbnail","6":"product_cat-accessoires","7":"product_cat-always-buyable-fr","8":"product_cat-bijoux","9":"product_cat-defiles","10":"product_cat-dernieres-pieces","11":"product_cat-tout-voir","13":"first","14":"instock","15":"taxable","16":"shipping-taxable","17":"purchasable","18":"product-type-variable"},"_links":{"self":[{"href":"https:\/\/maisoncleo.com\/fr\/wp-json\/wp\/v2\/product\/362055","targetHints":{"allow":["GET"]}}],"collection":[{"href":"https:\/\/maisoncleo.com\/fr\/wp-json\/wp\/v2\/product"}],"about":[{"href":"https:\/\/maisoncleo.com\/fr\/wp-json\/wp\/v2\/types\/product"}],"version-history":[{"count":1,"href":"https:\/\/maisoncleo.com\/fr\/wp-json\/wp\/v2\/product\/362055\/revisions"}],"predecessor-version":[{"id":362083,"href":"https:\/\/maisoncleo.com\/fr\/wp-json\/wp\/v2\/product\/362055\/revisions\/362083"}],"wp:featuredmedia":[{"embeddable":true,"href":"https:\/\/maisoncleo.com\/fr\/wp-json\/wp\/v2\/media\/343033"}],"wp:attachment":[{"href":"https:\/\/maisoncleo.com\/fr\/wp-json\/wp\/v2\/media?parent=362055"}],"wp:term":[{"taxonomy":"product_brand","embeddable":true,"href":"https:\/\/maisoncleo.com\/fr\/wp-json\/wp\/v2\/product_brand?post=362055"},{"taxonomy":"product_cat","embeddable":true,"href":"https:\/\/maisoncleo.com\/fr\/wp-json\/wp\/v2\/product_cat?post=362055"},{"taxonomy":"product_tag","embeddable":true,"href":"https:\/\/maisoncleo.com\/fr\/wp-json\/wp\/v2\/product_tag?post=362055"}],"curies":[{"name":"wp","href":"https:\/\/api.w.org\/{rel}","templated":true}]}}