{"id":362038,"date":"2024-09-09T23:56:29","date_gmt":"2024-09-10T14:05:31","guid":{"rendered":"https:\/\/maisoncleo.com\/\/?post_type=product&#038;p=362038"},"modified":"2024-09-10T21:12:06","modified_gmt":"2024-09-10T19:12:06","slug":"runway-look-24-top-dos-nu-exclusif-en-crystal-rose","status":"publish","type":"product","link":"https:\/\/maisoncleo.com\/fr\/shop\/runway-look-24-top-dos-nu-exclusif-en-crystal-rose\/","title":{"rendered":"RUNWAY LOOK 24 &#8211; Top dos nu exclusif en crystal rose"},"content":{"rendered":"<p>Top dos nu en crystal rose. Pi\u00e8ce exclusive de ma collaboration avec Emma de Frances O qui fabrique \u00e0 la main \u00e0 la commande des tr\u00e9sors tops en perles et crystal. Construction du top fait \u00e0 la main avec des crystals roses et des anneaux en m\u00e9tal argent\u00e9. Coupe dos nu qui tombe juste avant le nombril. Fermeture ajustable dans le dos avec cha\u00eene et fermoir.<\/p>\n<p>LOOK 23 issu de notre premier d\u00e9fil\u00e9 \u00ab\u00a0Premi\u00e8re Fois\u00a0\u00bb en mars 2022.<\/p>\n<p>La mod\u00e8le mesure 1m75 et porte une taille S-36.<\/p>\n","protected":false},"excerpt":{"rendered":"<p>Top dos nu en crystal rose. Pi\u00e8ce exclusive de ma collaboration avec Emma de Frances O qui fabrique \u00e0 la main \u00e0&hellip;<\/p>\n","protected":false},"featured_media":342975,"template":"","meta":[],"product_brand":[],"product_cat":[667,674,661],"product_tag":[],"class_list":{"0":"post-362038","1":"product","2":"type-product","3":"status-publish","4":"has-post-thumbnail","6":"product_cat-dernieres-pieces","7":"product_cat-tops","8":"product_cat-tout-voir","9":"pa_taille-l-40-2","10":"pa_taille-m-38-2","11":"pa_taille-s-36-2","12":"pa_taille-sur-mesure-fr-2","13":"pa_taille-xl-42-fr-2","14":"pa_taille-xs-34-2","16":"first","17":"instock","18":"taxable","19":"shipping-taxable","20":"purchasable","21":"product-type-variable"},"_links":{"self":[{"href":"https:\/\/maisoncleo.com\/fr\/wp-json\/wp\/v2\/product\/362038","targetHints":{"allow":["GET"]}}],"collection":[{"href":"https:\/\/maisoncleo.com\/fr\/wp-json\/wp\/v2\/product"}],"about":[{"href":"https:\/\/maisoncleo.com\/fr\/wp-json\/wp\/v2\/types\/product"}],"version-history":[{"count":1,"href":"https:\/\/maisoncleo.com\/fr\/wp-json\/wp\/v2\/product\/362038\/revisions"}],"predecessor-version":[{"id":362069,"href":"https:\/\/maisoncleo.com\/fr\/wp-json\/wp\/v2\/product\/362038\/revisions\/362069"}],"wp:featuredmedia":[{"embeddable":true,"href":"https:\/\/maisoncleo.com\/fr\/wp-json\/wp\/v2\/media\/342975"}],"wp:attachment":[{"href":"https:\/\/maisoncleo.com\/fr\/wp-json\/wp\/v2\/media?parent=362038"}],"wp:term":[{"taxonomy":"product_brand","embeddable":true,"href":"https:\/\/maisoncleo.com\/fr\/wp-json\/wp\/v2\/product_brand?post=362038"},{"taxonomy":"product_cat","embeddable":true,"href":"https:\/\/maisoncleo.com\/fr\/wp-json\/wp\/v2\/product_cat?post=362038"},{"taxonomy":"product_tag","embeddable":true,"href":"https:\/\/maisoncleo.com\/fr\/wp-json\/wp\/v2\/product_tag?post=362038"}],"curies":[{"name":"wp","href":"https:\/\/api.w.org\/{rel}","templated":true}]}}