{"id":362028,"date":"2024-09-09T23:55:39","date_gmt":"2024-09-10T14:05:08","guid":{"rendered":"https:\/\/maisoncleo.com\/\/?post_type=product&#038;p=362028"},"modified":"2024-09-10T21:12:02","modified_gmt":"2024-09-10T19:12:02","slug":"runway-look-45-pantalon-a-sequins-bleus-evase","status":"publish","type":"product","link":"https:\/\/maisoncleo.com\/fr\/shop\/runway-look-45-pantalon-a-sequins-bleus-evase\/","title":{"rendered":"RUNWAY LOOK 45 &#8211; Pantalon \u00e0 sequins bleus \u00e9vas\u00e9"},"content":{"rendered":"<p>Pantalon \u00e0 sequins bleus. Ajust\u00e9, l\u00e9g\u00e8rement bootcut en bas du pantalon, taille \u00e9lastiqu\u00e9e.<\/p>\n<p>LOOK 45 issu de notre premier d\u00e9fil\u00e9 \u00ab\u00a0Premi\u00e8re Fois\u00a0\u00bb en mars 2022.<\/p>\n<p>Le pantalon n\u2019est pas transparent et ne gratte pas car l\u2019int\u00e9rieur du tissu ne comporte pas de sequins qui sont uniquement positionn\u00e9s \u00e0 l\u2019ext\u00e9rieur \ud83d\ude42<\/p>\n<p>La mod\u00e8le mesure 1m75 et porte une taille S-36.<\/p>\n","protected":false},"excerpt":{"rendered":"<p>Pantalon \u00e0 sequins bleus. Ajust\u00e9, l\u00e9g\u00e8rement bootcut en bas du pantalon, taille \u00e9lastiqu\u00e9e. LOOK 45 issu de notre premier d\u00e9fil\u00e9 \u00ab\u00a0Premi\u00e8re Fois\u00a0\u00bb&hellip;<\/p>\n","protected":false},"featured_media":342937,"template":"","meta":[],"product_brand":[],"product_cat":[667,675,661],"product_tag":[],"class_list":{"0":"post-362028","1":"product","2":"type-product","3":"status-publish","4":"has-post-thumbnail","6":"product_cat-dernieres-pieces","7":"product_cat-pantalons-shorts","8":"product_cat-tout-voir","9":"pa_taille-l-40-2","10":"pa_taille-m-38-2","11":"pa_taille-s-36-2","12":"pa_taille-sur-mesure-fr-2","13":"pa_taille-xl-42-fr-2","14":"pa_taille-xs-34-2","16":"first","17":"outofstock","18":"taxable","19":"shipping-taxable","20":"purchasable","21":"product-type-variable"},"_links":{"self":[{"href":"https:\/\/maisoncleo.com\/fr\/wp-json\/wp\/v2\/product\/362028","targetHints":{"allow":["GET"]}}],"collection":[{"href":"https:\/\/maisoncleo.com\/fr\/wp-json\/wp\/v2\/product"}],"about":[{"href":"https:\/\/maisoncleo.com\/fr\/wp-json\/wp\/v2\/types\/product"}],"version-history":[{"count":1,"href":"https:\/\/maisoncleo.com\/fr\/wp-json\/wp\/v2\/product\/362028\/revisions"}],"predecessor-version":[{"id":362061,"href":"https:\/\/maisoncleo.com\/fr\/wp-json\/wp\/v2\/product\/362028\/revisions\/362061"}],"wp:featuredmedia":[{"embeddable":true,"href":"https:\/\/maisoncleo.com\/fr\/wp-json\/wp\/v2\/media\/342937"}],"wp:attachment":[{"href":"https:\/\/maisoncleo.com\/fr\/wp-json\/wp\/v2\/media?parent=362028"}],"wp:term":[{"taxonomy":"product_brand","embeddable":true,"href":"https:\/\/maisoncleo.com\/fr\/wp-json\/wp\/v2\/product_brand?post=362028"},{"taxonomy":"product_cat","embeddable":true,"href":"https:\/\/maisoncleo.com\/fr\/wp-json\/wp\/v2\/product_cat?post=362028"},{"taxonomy":"product_tag","embeddable":true,"href":"https:\/\/maisoncleo.com\/fr\/wp-json\/wp\/v2\/product_tag?post=362028"}],"curies":[{"name":"wp","href":"https:\/\/api.w.org\/{rel}","templated":true}]}}