{"id":362026,"date":"2024-09-09T23:55:39","date_gmt":"2024-09-10T14:05:08","guid":{"rendered":"https:\/\/maisoncleo.com\/\/?post_type=product&#038;p=362026"},"modified":"2024-09-10T21:11:59","modified_gmt":"2024-09-10T19:11:59","slug":"ivine-x-maisoncleo-stickers-pour-ongles","status":"publish","type":"product","link":"https:\/\/maisoncleo.com\/fr\/shop\/ivine-x-maisoncleo-stickers-pour-ongles\/","title":{"rendered":"IVINE X MAISONCL\u00c9O stickers pour ongles"},"content":{"rendered":"<p dir=\"ltr\" data-placeholder=\"Traduction\">Collaboration pour notre premier d\u00e9fil\u00e9 avec la nouvelle marque fran\u00e7aise Ivine. Ivine est une marque de stickers pour ongles et de vernis bio-sourc\u00e9s, fabriqu\u00e9s de mani\u00e8re \u00e9coresponsable en France, pour tous les genres. Stickers pour les ongles. Un m\u00e9lange d&rsquo;inspiration de notre ADN \u00e9t\u00e9 2022 : des dauphins, des papillons, des coeurs, notre slogan \u00ab\u00a0FFF\u00a0\u00bb, des santiags&#8230; Made in France.<\/p>\n<p dir=\"ltr\" data-placeholder=\"Traduction\">Cette planche contient 52 stickers.<\/p>\n<p dir=\"ltr\" data-placeholder=\"Traduction\">Edition limit\u00e9e &#8211; design exclusif \u00a9IVINE x MAISONCLEO<\/p>\n<p dir=\"ltr\" data-placeholder=\"Traduction\">\n","protected":false},"excerpt":{"rendered":"<p>Collaboration pour notre premier d\u00e9fil\u00e9 avec la nouvelle marque fran\u00e7aise Ivine. Ivine est une marque de stickers pour ongles et de vernis&hellip;<\/p>\n","protected":false},"featured_media":342883,"template":"","meta":[],"product_brand":[],"product_cat":[651,669,671,667,655,661],"product_tag":[],"class_list":{"0":"post-362026","1":"product","2":"type-product","3":"status-publish","4":"has-post-thumbnail","6":"product_cat-accessoires","7":"product_cat-always-buyable-fr","8":"product_cat-defiles","9":"product_cat-dernieres-pieces","10":"product_cat-goodies","11":"product_cat-tout-voir","12":"pa_taille-taille-unique-2","14":"first","15":"outofstock","16":"taxable","17":"shipping-taxable","18":"purchasable","19":"product-type-variable"},"_links":{"self":[{"href":"https:\/\/maisoncleo.com\/fr\/wp-json\/wp\/v2\/product\/362026","targetHints":{"allow":["GET"]}}],"collection":[{"href":"https:\/\/maisoncleo.com\/fr\/wp-json\/wp\/v2\/product"}],"about":[{"href":"https:\/\/maisoncleo.com\/fr\/wp-json\/wp\/v2\/types\/product"}],"version-history":[{"count":1,"href":"https:\/\/maisoncleo.com\/fr\/wp-json\/wp\/v2\/product\/362026\/revisions"}],"predecessor-version":[{"id":362058,"href":"https:\/\/maisoncleo.com\/fr\/wp-json\/wp\/v2\/product\/362026\/revisions\/362058"}],"wp:featuredmedia":[{"embeddable":true,"href":"https:\/\/maisoncleo.com\/fr\/wp-json\/wp\/v2\/media\/342883"}],"wp:attachment":[{"href":"https:\/\/maisoncleo.com\/fr\/wp-json\/wp\/v2\/media?parent=362026"}],"wp:term":[{"taxonomy":"product_brand","embeddable":true,"href":"https:\/\/maisoncleo.com\/fr\/wp-json\/wp\/v2\/product_brand?post=362026"},{"taxonomy":"product_cat","embeddable":true,"href":"https:\/\/maisoncleo.com\/fr\/wp-json\/wp\/v2\/product_cat?post=362026"},{"taxonomy":"product_tag","embeddable":true,"href":"https:\/\/maisoncleo.com\/fr\/wp-json\/wp\/v2\/product_tag?post=362026"}],"curies":[{"name":"wp","href":"https:\/\/api.w.org\/{rel}","templated":true}]}}